{"id":1401,"date":"2026-01-14T17:46:22","date_gmt":"2026-01-14T17:46:22","guid":{"rendered":"https:\/\/www.ttn.ch\/Info\/about-ttn\/"},"modified":"2026-01-27T21:53:04","modified_gmt":"2026-01-27T21:53:04","slug":"about-ttn","status":"publish","type":"page","link":"https:\/\/www.ttn.ch\/Info\/fr\/about-ttn\/","title":{"rendered":"\u00c0 propos de TTN"},"content":{"rendered":"\n<h2 class=\"wp-block-heading tms-title_H2 has-medium-font-size\" id=\"H\u00e9ritage-et-expertise-suisses\"><strong>H\u00e9ritage et expertise suisses<\/strong><\/h2>\n\n\n\n<p class=\"tms-normal\">TTN (Translation Network) est une entreprise de traduction bas\u00e9e en Suisse, forte d\u2019un h\u00e9ritage dont les racines remontent \u00e0 1988. Fond\u00e9e et \u00e9tablie en Suisse, TTN s\u2019appuie sur la culture du multilinguisme et le sens de la pr\u00e9cision propres au pays pour s\u2019imposer comme un partenaire de confiance \u00e0 l\u2019\u00e9chelle mondiale dans les services linguistiques. TTN a \u00e9t\u00e9 pionni\u00e8re en technologies de traduction, en lan\u00e7ant l\u2019un des tout premiers serveurs de traduction enti\u00e8rement automatis\u00e9s au monde d\u00e8s la fin des ann\u00e9es 1980.<\/p>\n\n\n\n<p class=\"tms-normal\">Au fil des d\u00e9cennies, nous avons consolid\u00e9 notre expertise et nourri notre capacit\u00e9 d\u2019innovation, en perfectionnant en continu nos processus et nos outils. Aujourd\u2019hui, TTN r\u00e9unit une expertise linguistique humaine \u00e9prouv\u00e9e et des technologies de pointe, afin d\u2019offrir des traductions de haute qualit\u00e9 \u00e0 des clients du monde entier, tout en incarnant les valeurs suisses de fiabilit\u00e9 et d\u2019excellence.<\/p>\n\n\n\n<h2 class=\"wp-block-heading tms-title_H2 has-medium-font-size\" id=\"Plateforme-technologique-innovante\"><strong>Plateforme technologique innovante<\/strong><\/h2>\n\n\n\n<p class=\"tms-normal\">La technologie et l\u2019innovation sont au c\u0153ur de l\u2019ADN de TTN. Nous avons d\u00e9velopp\u00e9 notre propre syst\u00e8me de gestion de traduction, TTN TMS (Translation Management System) : une plateforme pilot\u00e9e par l\u2019IA qui fluidifie l\u2019ensemble du flux de traduction, de la demande initiale jusqu\u2019\u00e0 la livraison. Cette solution automatise de nombreuses t\u00e2ches de gestion de projet avec une efficacit\u00e9 et une r\u00e9gularit\u00e9 difficiles \u00e0 \u00e9galer manuellement, ce qui nous permet de traiter les projets plus rapidement et avec une qualit\u00e9 constante. Concr\u00e8tement, les clients peuvent simplement t\u00e9l\u00e9verser leurs documents et obtenir instantan\u00e9ment un devis, avec plusieurs options de d\u00e9lais. Une fois l\u2019\u00e9ch\u00e9ance s\u00e9lectionn\u00e9e, notre syst\u00e8me d\u2019agents TTN attribue automatiquement la mission aux linguistes les plus adapt\u00e9s et orchestre toutes les \u00e9tapes de production et de contr\u00f4le qualit\u00e9. R\u00e9sultat : un processus de bout en bout pouvant n\u00e9cessiter <strong>\u00e0 peine neuf clics<\/strong>, ce qui r\u00e9duit drastiquement la charge administrative et les d\u00e9lais de livraison.<\/p>\n\n\n\n<p class=\"tms-normal\">Notre plateforme innovante int\u00e8gre \u00e9galement <strong>Keybot<\/strong>, le moteur de recherche de traduction et la technologie IA propri\u00e9taire de TTN. Keybot est un syst\u00e8me unique qui convertit des contenus web multilingues en bases de donn\u00e9es de m\u00e9moires de traduction. TTN est d\u2019ailleurs la seule agence de traduction au monde \u00e0 exploiter son propre moteur de recherche de traduction pour valoriser des traductions d\u00e9j\u00e0 existantes.<\/p>\n\n\n\n<p class=\"tms-normal\">Keybot analyse les sites web de votre entreprise (et m\u00eame ceux de vos fournisseurs) afin de cr\u00e9er des glossaires bilingues et des m\u00e9moires de traduction sur mesure \u00e0 partir de vos contenus d\u00e9j\u00e0 traduits. Ainsi, nos traducteurs et nos outils IA peuvent r\u00e9utiliser imm\u00e9diatement votre terminologie et vos formulations pr\u00e9f\u00e9r\u00e9es, garantissant une coh\u00e9rence exceptionnelle sur l\u2019ensemble de vos supports. Contrairement aux services de traduction automatique g\u00e9n\u00e9riques, qui s\u2019appuient sur des mod\u00e8les standardis\u00e9s, TTN met en \u0153uvre des moteurs de traduction IA personnalis\u00e9s, adapt\u00e9s au contenu et au vocabulaire de chaque client. Ces traductions IA sont <strong>toujours<\/strong> v\u00e9rifi\u00e9es et am\u00e9lior\u00e9es par des <strong>professionnels<\/strong> de la post-\u00e9dition, combinant vitesse et exigence de qualit\u00e9.<\/p>\n\n\n\n<p class=\"tms-normal\">Notre plateforme s\u2019int\u00e8gre aussi aux outils de r\u00e9f\u00e9rence du march\u00e9 (comme RWS Trados GroupShare) et \u00e0 un environnement d\u2019\u00e9dition en ligne, pour traiter sans friction des volumes importants et des formats complexes, sans compromis sur la performance. En r\u00e9sum\u00e9, la technologie TTN vous offre le meilleur des deux mondes : l\u2019efficacit\u00e9 de l\u2019automatisation pilot\u00e9e par l\u2019IA et la garantie d\u2019un pilotage humain expert.<\/p>\n\n\n\n<h2 class=\"wp-block-heading tms-title_H2 has-medium-font-size\" id=\"Qualit\u00e9-et-s\u00e9curit\u00e9-certifi\u00e9es\"><strong>Qualit\u00e9 et s\u00e9curit\u00e9 certifi\u00e9es<\/strong><\/h2>\n\n\n\n<p class=\"tms-normal\">Chez TTN, la qualit\u00e9 et la s\u00e9curit\u00e9 ne se n\u00e9gocient pas. Nous sommes pleinement certifi\u00e9s <strong>ISO 17100<\/strong>, <strong>ISO 9001<\/strong> et <strong>ISO\/IEC 27001<\/strong>, ce qui refl\u00e8te notre engagement envers les standards les plus exigeants en mati\u00e8re de qualit\u00e9 de traduction, de management de la qualit\u00e9 et de s\u00e9curit\u00e9 de l\u2019information.<\/p>\n\n\n\n<p class=\"tms-normal\">La certification <strong>ISO 17100<\/strong> atteste que notre processus r\u00e9pond \u00e0 des exigences strictes concernant les comp\u00e9tences des ressources humaines et les proc\u00e9dures de relecture : chaque projet est confi\u00e9 \u00e0 des linguistes qualifi\u00e9s et passe par des \u00e9tapes de r\u00e9vision rigoureuses. La norme <strong>ISO 9001<\/strong> garantit l\u2019application de pratiques robustes de management de la qualit\u00e9, assurant coh\u00e9rence et am\u00e9lioration continue dans tout ce que nous entreprenons. Enfin, la certification <strong>ISO\/IEC 27001<\/strong> d\u00e9montre que nous appliquons les plus hauts standards de s\u00e9curit\u00e9 et de confidentialit\u00e9, afin de prot\u00e9ger vos informations sensibles \u00e0 chaque \u00e9tape.<\/p>\n\n\n\n<p class=\"tms-normal\">Nous maintenons une infrastructure moderne et hautement s\u00e9curis\u00e9e pour prot\u00e9ger les donn\u00e9es clients et garantir une fiabilit\u00e9 maximale. Le syst\u00e8me TTN est h\u00e9berg\u00e9 dans un centre de donn\u00e9es hautement s\u00e9curis\u00e9 en Suisse, avec redondance compl\u00e8te et mesures d\u2019acc\u00e8s et de disponibilit\u00e9 24\/7. Notre architecture int\u00e8gre une r\u00e9plication en temps r\u00e9el, des sauvegardes multi-niveaux et une supervision proactive pour pr\u00e9venir tout risque d\u2019interruption ou de perte de donn\u00e9es.<\/p>\n\n\n\n<p class=\"tms-normal\">Pour les clients ayant des exigences sp\u00e9cifiques, notre plateforme peut \u00eatre d\u00e9ploy\u00e9e en configuration hybride ou sur site (on-premises). Par exemple, lorsque les donn\u00e9es doivent rester hors de clouds soumis \u00e0 une juridiction am\u00e9ricaine, nous proposons des options d\u2019h\u00e9bergement enti\u00e8rement bas\u00e9es en Suisse ou directement au sein de l\u2019infrastructure du client. Quel que soit le mod\u00e8le retenu, TTN garantit un environnement de traitement hautement s\u00e9curis\u00e9. Tous nos traducteurs et collaborateurs respectent des accords de confidentialit\u00e9 stricts, et notre syst\u00e8me propose des contr\u00f4les d\u2019acc\u00e8s granulaires afin que vos bases terminologiques et m\u00e9moires de traduction restent priv\u00e9es et r\u00e9serv\u00e9es \u00e0 votre organisation.<\/p>\n\n\n\n<p class=\"tms-normal\">Avec TTN, vous avez l\u2019assurance d\u2019une qualit\u00e9 int\u00e9gr\u00e9e \u00e0 chaque \u00e9tape du processus \u2014 et de donn\u00e9es prot\u00e9g\u00e9es du d\u00e9but \u00e0 la fin.<\/p>\n\n\n\n<h2 class=\"wp-block-heading tms-title_H2 has-medium-font-size\" id=\"Pourquoi-choisir-TTN?\"><strong>Pourquoi choisir TTN<\/strong>?<\/h2>\n\n\n\n<p class=\"tms-normal\">En choisissant TTN comme partenaire, vous b\u00e9n\u00e9ficiez d\u2019avantages cl\u00e9s qui font r\u00e9ellement la diff\u00e9rence :<\/p>\n\n\n\n<ul class=\"wp-block-list\">\n<li class=\"tms-list\"><strong>Rapidit\u00e9 et efficacit\u00e9 :<\/strong> gr\u00e2ce \u00e0 l\u2019automatisation et \u00e0 des workflows assist\u00e9s par l\u2019IA, nous r\u00e9duisons fortement les d\u00e9lais sans compromis sur la qualit\u00e9. Notre agent TTN peut traiter les demandes 24h\/24, lancer les projets instantan\u00e9ment et allouer les ressources de mani\u00e8re intelligente. Pour chaque projet, vous recevez plusieurs options de vitesse de livraison afin de choisir le rythme le plus adapt\u00e9 \u00e0 vos besoins.<\/li>\n\n\n\n<li class=\"tms-list\"><strong>Qualit\u00e9 coh\u00e9rente :<\/strong> l\u2019usage avanc\u00e9 des m\u00e9moires de traduction et des outils terminologiques assure une terminologie et un ton homog\u00e8nes sur l\u2019ensemble de vos documents. Chaque traduction enrichit une m\u00e9moire centralis\u00e9e d\u00e9di\u00e9e \u00e0 votre organisation, permettant de r\u00e9utiliser automatiquement les formulations d\u00e9j\u00e0 valid\u00e9es. R\u00e9sultat : davantage de coh\u00e9rence, de pr\u00e9cision (notamment pour les termes techniques ou la langue de marque) et des gains de temps sur les projets suivants.<\/li>\n\n\n\n<li class=\"tms-list\"><strong>Expertise humaine renforc\u00e9e par l\u2019IA :<\/strong> chez TTN, toutes les traductions sont r\u00e9alis\u00e9es par des traducteurs humains hautement qualifi\u00e9s. Nous disposons d\u2019un r\u00e9seau ouvert de linguistes s\u00e9lectionn\u00e9s, dont beaucoup poss\u00e8dent une sp\u00e9cialisation m\u00e9tier et une formation universitaire. Un responsable de traduction d\u00e9di\u00e9 supervise votre compte. Nous utilisons l\u2019IA l\u00e0 o\u00f9 elle apporte une valeur tangible : gestion de projet intelligente, suggestions de traduction automatique personnalis\u00e9es, affin\u00e9es et finalis\u00e9es par nos traducteurs. Cette synergie garantit des traductions impeccables, livr\u00e9es plus rapidement qu\u2019avec des m\u00e9thodes traditionnelles.<\/li>\n\n\n\n<li class=\"tms-list\"><strong>Fiabilit\u00e9 et flexibilit\u00e9 :<\/strong> avec plus de trois d\u00e9cennies d\u2019exp\u00e9rience, TTN s\u2019appuie sur un historique \u00e9prouv\u00e9. Nos syst\u00e8mes et nos processus sont con\u00e7us pour la robustesse : serveurs haute disponibilit\u00e9, m\u00e9canismes de secours et organisation capable de tenir des d\u00e9lais serr\u00e9s. Nous g\u00e9rons des projets de toute taille et complexit\u00e9, dans des centaines de langues et une grande vari\u00e9t\u00e9 de formats. Notre infrastructure est \u00e9galement flexible : int\u00e9grations avec vos plateformes de contenu, ou d\u00e9ploiement d\u2019instances d\u00e9di\u00e9es de notre TMS pour les grands comptes, afin de s\u2019aligner sur vos workflows et exigences de conformit\u00e9.<\/li>\n\n\n\n<li class=\"tms-list\"><strong>S\u00e9curit\u00e9 et confidentialit\u00e9 :<\/strong> dans les secteurs juridique, financier, m\u00e9dical ou de la d\u00e9fense, la confidentialit\u00e9 est essentielle. Les pratiques TTN certifi\u00e9es <strong>ISO 27001<\/strong> garantissent la protection de vos documents et donn\u00e9es. Nous utilisons des connexions chiffr\u00e9es, des environnements de bureau virtuel s\u00e9curis\u00e9s pour les traducteurs et des contr\u00f4les d\u2019acc\u00e8s stricts pour \u00e9viter tout partage non autoris\u00e9. Vous pouvez nous confier des contenus sensibles en toute confiance.<\/li>\n<\/ul>\n\n\n\n<p class=\"tms-normal\">En r\u00e9sum\u00e9, TTN propose une alliance unique entre tradition et innovation. N\u00e9e en Suisse et port\u00e9e par une longue culture de l\u2019excellence, l\u2019entreprise s\u2019appuie sur une technologie propri\u00e9taire qui la maintient \u00e0 l\u2019avant-garde du secteur. Notre engagement en mati\u00e8re de s\u00e9curit\u00e9, de fiabilit\u00e9, de vitesse, de qualit\u00e9 et de solutions pilot\u00e9es par l\u2019IA se traduit par des b\u00e9n\u00e9fices concrets : d\u00e9lais r\u00e9duits, terminologie coh\u00e9rente, et un processus de traduction plus fluide et plus transparent.<\/p>\n\n\n\n<p class=\"tms-normal\"><strong>Avec TTN, vous b\u00e9n\u00e9ficiez de services de traduction de niveau mondial : s\u00e9curis\u00e9s, intelligents et adapt\u00e9s \u00e0 vos besoins.<\/strong><\/p>\n\n\n\n<p><\/p>\n","protected":false},"excerpt":{"rendered":"<p>H\u00e9ritage et expertise suisses TTN (Translation Network) est une entreprise de traduction bas\u00e9e en Suisse, forte d\u2019un h\u00e9ritage dont les racines remontent \u00e0 1988. Fond\u00e9e et \u00e9tablie en Suisse, TTN s\u2019appuie sur la culture du multilinguisme et le sens de la pr\u00e9cision propres au pays pour s\u2019imposer comme un partenaire de confiance \u00e0 l\u2019\u00e9chelle mondiale &#8230; <a title=\"\u00c0 propos de TTN\" class=\"read-more\" href=\"https:\/\/www.ttn.ch\/Info\/fr\/about-ttn\/\" aria-label=\"En savoir plus sur \u00c0 propos de TTN\">Lire la suite<\/a><\/p>\n","protected":false},"author":1,"featured_media":0,"parent":0,"menu_order":0,"comment_status":"closed","ping_status":"closed","template":"","meta":{"footnotes":""},"class_list":["post-1401","page","type-page","status-publish"],"yoast_head":"<!-- This site is optimized with the Yoast SEO plugin v26.8 - https:\/\/yoast.com\/product\/yoast-seo-wordpress\/ -->\r\n<title>\u00c0 propos de TTN -<\/title>\r\n<meta name=\"robots\" content=\"index, follow, max-snippet:-1, max-image-preview:large, max-video-preview:-1\" \/>\r\n<link rel=\"canonical\" href=\"https:\/\/www.ttn.ch\/Info\/fr\/about-ttn\/\" \/>\r\n<meta property=\"og:locale\" content=\"fr_FR\" \/>\r\n<meta property=\"og:type\" content=\"article\" \/>\r\n<meta property=\"og:title\" content=\"\u00c0 propos de TTN -\" \/>\r\n<meta property=\"og:description\" content=\"H\u00e9ritage et expertise suisses TTN (Translation Network) est une entreprise de traduction bas\u00e9e en Suisse, forte d\u2019un h\u00e9ritage dont les racines remontent \u00e0 1988. Fond\u00e9e et \u00e9tablie en Suisse, TTN s\u2019appuie sur la culture du multilinguisme et le sens de la pr\u00e9cision propres au pays pour s\u2019imposer comme un partenaire de confiance \u00e0 l\u2019\u00e9chelle mondiale ... Lire la suite\" \/>\r\n<meta property=\"og:url\" content=\"https:\/\/www.ttn.ch\/Info\/fr\/about-ttn\/\" \/>\r\n<meta property=\"article:publisher\" content=\"https:\/\/www.facebook.com\/TTNTranslationNetwork\/\" \/>\r\n<meta property=\"article:modified_time\" content=\"2026-01-27T21:53:04+00:00\" \/>\r\n<meta name=\"twitter:card\" content=\"summary_large_image\" \/>\r\n<meta name=\"twitter:label1\" content=\"Dur\u00e9e de lecture estim\u00e9e\" \/>\n\t<meta name=\"twitter:data1\" content=\"6 minutes\" \/>\r\n<script type=\"application\/ld+json\" class=\"yoast-schema-graph\">{\"@context\":\"https:\/\/schema.org\",\"@graph\":[{\"@type\":\"WebPage\",\"@id\":\"https:\/\/www.ttn.ch\/Info\/fr\/about-ttn\/\",\"url\":\"https:\/\/www.ttn.ch\/Info\/fr\/about-ttn\/\",\"name\":\"\u00c0 propos de TTN -\",\"isPartOf\":{\"@id\":\"https:\/\/www.ttn.ch\/Info\/fr\/#website\"},\"datePublished\":\"2026-01-14T17:46:22+00:00\",\"dateModified\":\"2026-01-27T21:53:04+00:00\",\"breadcrumb\":{\"@id\":\"https:\/\/www.ttn.ch\/Info\/fr\/about-ttn\/#breadcrumb\"},\"inLanguage\":\"fr-FR\",\"potentialAction\":[{\"@type\":\"ReadAction\",\"target\":[\"https:\/\/www.ttn.ch\/Info\/fr\/about-ttn\/\"]}]},{\"@type\":\"BreadcrumbList\",\"@id\":\"https:\/\/www.ttn.ch\/Info\/fr\/about-ttn\/#breadcrumb\",\"itemListElement\":[{\"@type\":\"ListItem\",\"position\":1,\"name\":\"Home\",\"item\":\"https:\/\/www.ttn.ch\/Info\/fr\/\"},{\"@type\":\"ListItem\",\"position\":2,\"name\":\"\u00c0 propos de TTN\"}]},{\"@type\":\"WebSite\",\"@id\":\"https:\/\/www.ttn.ch\/Info\/fr\/#website\",\"url\":\"https:\/\/www.ttn.ch\/Info\/fr\/\",\"name\":\"www.ttn.ch\",\"description\":\"\",\"publisher\":{\"@id\":\"https:\/\/www.ttn.ch\/Info\/fr\/#organization\"},\"potentialAction\":[{\"@type\":\"SearchAction\",\"target\":{\"@type\":\"EntryPoint\",\"urlTemplate\":\"https:\/\/www.ttn.ch\/Info\/fr\/?s={search_term_string}\"},\"query-input\":{\"@type\":\"PropertyValueSpecification\",\"valueRequired\":true,\"valueName\":\"search_term_string\"}}],\"inLanguage\":\"fr-FR\"},{\"@type\":\"Organization\",\"@id\":\"https:\/\/www.ttn.ch\/Info\/fr\/#organization\",\"name\":\"TTN Translation Network\",\"url\":\"https:\/\/www.ttn.ch\/Info\/fr\/\",\"logo\":{\"@type\":\"ImageObject\",\"inLanguage\":\"fr-FR\",\"@id\":\"https:\/\/www.ttn.ch\/Info\/fr\/#\/schema\/logo\/image\/\",\"url\":\"https:\/\/www.ttn.ch\/Info\/wp-content\/uploads\/2025\/12\/ttn_logo_home-1.png\",\"contentUrl\":\"https:\/\/www.ttn.ch\/Info\/wp-content\/uploads\/2025\/12\/ttn_logo_home-1.png\",\"width\":299,\"height\":105,\"caption\":\"TTN Translation Network\"},\"image\":{\"@id\":\"https:\/\/www.ttn.ch\/Info\/fr\/#\/schema\/logo\/image\/\"},\"sameAs\":[\"https:\/\/www.facebook.com\/TTNTranslationNetwork\/\"]}]}<\/script>\r\n<!-- \/ Yoast SEO plugin. -->","yoast_head_json":{"title":"\u00c0 propos de TTN -","robots":{"index":"index","follow":"follow","max-snippet":"max-snippet:-1","max-image-preview":"max-image-preview:large","max-video-preview":"max-video-preview:-1"},"canonical":"https:\/\/www.ttn.ch\/Info\/fr\/about-ttn\/","og_locale":"fr_FR","og_type":"article","og_title":"\u00c0 propos de TTN -","og_description":"H\u00e9ritage et expertise suisses TTN (Translation Network) est une entreprise de traduction bas\u00e9e en Suisse, forte d\u2019un h\u00e9ritage dont les racines remontent \u00e0 1988. Fond\u00e9e et \u00e9tablie en Suisse, TTN s\u2019appuie sur la culture du multilinguisme et le sens de la pr\u00e9cision propres au pays pour s\u2019imposer comme un partenaire de confiance \u00e0 l\u2019\u00e9chelle mondiale ... Lire la suite","og_url":"https:\/\/www.ttn.ch\/Info\/fr\/about-ttn\/","article_publisher":"https:\/\/www.facebook.com\/TTNTranslationNetwork\/","article_modified_time":"2026-01-27T21:53:04+00:00","twitter_card":"summary_large_image","twitter_misc":{"Dur\u00e9e de lecture estim\u00e9e":"6 minutes"},"schema":{"@context":"https:\/\/schema.org","@graph":[{"@type":"WebPage","@id":"https:\/\/www.ttn.ch\/Info\/fr\/about-ttn\/","url":"https:\/\/www.ttn.ch\/Info\/fr\/about-ttn\/","name":"\u00c0 propos de TTN -","isPartOf":{"@id":"https:\/\/www.ttn.ch\/Info\/fr\/#website"},"datePublished":"2026-01-14T17:46:22+00:00","dateModified":"2026-01-27T21:53:04+00:00","breadcrumb":{"@id":"https:\/\/www.ttn.ch\/Info\/fr\/about-ttn\/#breadcrumb"},"inLanguage":"fr-FR","potentialAction":[{"@type":"ReadAction","target":["https:\/\/www.ttn.ch\/Info\/fr\/about-ttn\/"]}]},{"@type":"BreadcrumbList","@id":"https:\/\/www.ttn.ch\/Info\/fr\/about-ttn\/#breadcrumb","itemListElement":[{"@type":"ListItem","position":1,"name":"Home","item":"https:\/\/www.ttn.ch\/Info\/fr\/"},{"@type":"ListItem","position":2,"name":"\u00c0 propos de TTN"}]},{"@type":"WebSite","@id":"https:\/\/www.ttn.ch\/Info\/fr\/#website","url":"https:\/\/www.ttn.ch\/Info\/fr\/","name":"www.ttn.ch","description":"","publisher":{"@id":"https:\/\/www.ttn.ch\/Info\/fr\/#organization"},"potentialAction":[{"@type":"SearchAction","target":{"@type":"EntryPoint","urlTemplate":"https:\/\/www.ttn.ch\/Info\/fr\/?s={search_term_string}"},"query-input":{"@type":"PropertyValueSpecification","valueRequired":true,"valueName":"search_term_string"}}],"inLanguage":"fr-FR"},{"@type":"Organization","@id":"https:\/\/www.ttn.ch\/Info\/fr\/#organization","name":"TTN Translation Network","url":"https:\/\/www.ttn.ch\/Info\/fr\/","logo":{"@type":"ImageObject","inLanguage":"fr-FR","@id":"https:\/\/www.ttn.ch\/Info\/fr\/#\/schema\/logo\/image\/","url":"https:\/\/www.ttn.ch\/Info\/wp-content\/uploads\/2025\/12\/ttn_logo_home-1.png","contentUrl":"https:\/\/www.ttn.ch\/Info\/wp-content\/uploads\/2025\/12\/ttn_logo_home-1.png","width":299,"height":105,"caption":"TTN Translation Network"},"image":{"@id":"https:\/\/www.ttn.ch\/Info\/fr\/#\/schema\/logo\/image\/"},"sameAs":["https:\/\/www.facebook.com\/TTNTranslationNetwork\/"]}]}},"_links":{"self":[{"href":"https:\/\/www.ttn.ch\/Info\/fr\/wp-json\/wp\/v2\/pages\/1401","targetHints":{"allow":["GET"]}}],"collection":[{"href":"https:\/\/www.ttn.ch\/Info\/fr\/wp-json\/wp\/v2\/pages"}],"about":[{"href":"https:\/\/www.ttn.ch\/Info\/fr\/wp-json\/wp\/v2\/types\/page"}],"author":[{"embeddable":true,"href":"https:\/\/www.ttn.ch\/Info\/fr\/wp-json\/wp\/v2\/users\/1"}],"replies":[{"embeddable":true,"href":"https:\/\/www.ttn.ch\/Info\/fr\/wp-json\/wp\/v2\/comments?post=1401"}],"version-history":[{"count":5,"href":"https:\/\/www.ttn.ch\/Info\/fr\/wp-json\/wp\/v2\/pages\/1401\/revisions"}],"predecessor-version":[{"id":2367,"href":"https:\/\/www.ttn.ch\/Info\/fr\/wp-json\/wp\/v2\/pages\/1401\/revisions\/2367"}],"wp:attachment":[{"href":"https:\/\/www.ttn.ch\/Info\/fr\/wp-json\/wp\/v2\/media?parent=1401"}],"curies":[{"name":"wp","href":"https:\/\/api.w.org\/{rel}","templated":true}]}}