{"id":2231,"date":"2026-01-27T06:23:17","date_gmt":"2026-01-27T06:23:17","guid":{"rendered":"https:\/\/www.ttn.ch\/Info\/contact\/"},"modified":"2026-01-27T07:45:06","modified_gmt":"2026-01-27T07:45:06","slug":"kontaktieren-sie-uns","status":"publish","type":"page","link":"https:\/\/www.ttn.ch\/Info\/de\/kontaktieren-sie-uns\/","title":{"rendered":"Kontaktieren Sie uns \ud83e\udd1d"},"content":{"rendered":"\n<p>Hallo, <em>bonjour<\/em>, <strong>hola<\/strong>!<br>Egal, welche Sprache Sie sprechen \u2013 wir freuen uns darauf, von Ihnen zu h\u00f6ren. <strong>TTN Translation Network<\/strong> ist rund um die Uhr f\u00fcr Sie da, um Ihnen bei allen Ihren \u00dcbersetzungsbed\u00fcrfnissen zu helfen. Z\u00f6gern Sie nicht, uns telefonisch, per E-Mail oder \u00fcber das untenstehende Kontaktformular zu kontaktieren \u2013 unser Team ist immer bereit, Ihnen zu helfen. <em>Wir freuen uns darauf, Ihnen helfen zu k\u00f6nnen!<\/em><\/p>\n\n\n\n<ul class=\"wp-block-list\">\n<li><strong>Firma:<\/strong> TTN Translation Network (Extran Ltd.)<\/li>\n\n\n\n<li><strong>Kontaktperson:<\/strong> Martin B\u00e4chtold (CEO)<\/li>\n\n\n\n<li><strong>Adresse:<\/strong> 18, bd des Philosophes, CH-1205 Geneva, Switzerland<\/li>\n\n\n\n<li><strong>Telefon:<\/strong> +41 22 328 84 63<\/li>\n\n\n\n<li><strong>Mobile \/ SMS:<\/strong> +41 79 699 77 69<\/li>\n\n\n\n<li><strong>Email:<\/strong> ttn@ttn.ch<\/li>\n\n\n\n<li><strong>Erreichbarkeit:<\/strong> 24 Stunden am Tag, 7 Tage die Woche<\/li>\n\n\n\n<li><strong>Soziale Medien:<\/strong> <a href=\"https:\/\/www.facebook.com\/TTNTranslation\">Facebook<\/a> \u00a0\u2022\u00a0 <a href=\"https:\/\/www.linkedin.com\/company\/translators-network\">LinkedIn<\/a><\/li>\n\n\n\n<li><strong>Finanzinformationen:<\/strong> <a href=\"https:\/\/www.moneyhouse.ch\/en\/company\/extran-sa-4246946201\">Moneyhouse<\/a><\/li>\n\n\n\n<li><strong>MwSt.-Nr. und UID:<\/strong> <a href=\"https:\/\/www.uid.admin.ch\/Detail.aspx?uid_id=CHE-106.314.704\">CHE-106.314.704<\/a><\/li>\n\n\n\n<li><strong>Handelsregister:<\/strong> <a href=\"https:\/\/www.zefix.ch\/fr\/search\/entity\/list\/firm\/55030\">CH-660.0.576.988-4<\/a><\/li>\n<\/ul>\n\n\n\n<p><\/p>\n","protected":false},"excerpt":{"rendered":"<p>Hallo, bonjour, hola!Egal, welche Sprache Sie sprechen \u2013 wir freuen uns darauf, von Ihnen zu h\u00f6ren. TTN Translation Network ist rund um die Uhr f\u00fcr Sie da, um Ihnen bei allen Ihren \u00dcbersetzungsbed\u00fcrfnissen zu helfen. Z\u00f6gern Sie nicht, uns telefonisch, per E-Mail oder \u00fcber das untenstehende Kontaktformular zu kontaktieren \u2013 unser Team ist immer bereit, &#8230; <a title=\"Kontaktieren Sie uns \ud83e\udd1d\" class=\"read-more\" href=\"https:\/\/www.ttn.ch\/Info\/de\/kontaktieren-sie-uns\/\" aria-label=\"Mehr Informationen \u00fcber Kontaktieren Sie uns \ud83e\udd1d\">Weiterlesen<\/a><\/p>\n","protected":false},"author":1,"featured_media":0,"parent":0,"menu_order":0,"comment_status":"closed","ping_status":"closed","template":"","meta":{"footnotes":""},"class_list":["post-2231","page","type-page","status-publish"],"yoast_head":"<!-- This site is optimized with the Yoast SEO plugin v26.8 - https:\/\/yoast.com\/product\/yoast-seo-wordpress\/ -->\r\n<title>Kontaktieren Sie uns \ud83e\udd1d -<\/title>\r\n<meta name=\"robots\" content=\"index, follow, max-snippet:-1, max-image-preview:large, max-video-preview:-1\" \/>\r\n<link rel=\"canonical\" href=\"https:\/\/www.ttn.ch\/Info\/de\/kontaktieren-sie-uns\/\" \/>\r\n<meta property=\"og:locale\" content=\"de_DE\" \/>\r\n<meta property=\"og:type\" content=\"article\" \/>\r\n<meta property=\"og:title\" content=\"Kontaktieren Sie uns \ud83e\udd1d -\" \/>\r\n<meta property=\"og:description\" content=\"Hallo, bonjour, hola!Egal, welche Sprache Sie sprechen \u2013 wir freuen uns darauf, von Ihnen zu h\u00f6ren. TTN Translation Network ist rund um die Uhr f\u00fcr Sie da, um Ihnen bei allen Ihren \u00dcbersetzungsbed\u00fcrfnissen zu helfen. Z\u00f6gern Sie nicht, uns telefonisch, per E-Mail oder \u00fcber das untenstehende Kontaktformular zu kontaktieren \u2013 unser Team ist immer bereit, ... Weiterlesen\" \/>\r\n<meta property=\"og:url\" content=\"https:\/\/www.ttn.ch\/Info\/de\/kontaktieren-sie-uns\/\" \/>\r\n<meta property=\"article:publisher\" content=\"https:\/\/www.facebook.com\/TTNTranslationNetwork\/\" \/>\r\n<meta property=\"article:modified_time\" content=\"2026-01-27T07:45:06+00:00\" \/>\r\n<meta name=\"twitter:card\" content=\"summary_large_image\" \/>\r\n<meta name=\"twitter:label1\" content=\"Gesch\u00e4tzte Lesezeit\" \/>\n\t<meta name=\"twitter:data1\" content=\"1\u00a0Minute\" \/>\r\n<script type=\"application\/ld+json\" class=\"yoast-schema-graph\">{\"@context\":\"https:\/\/schema.org\",\"@graph\":[{\"@type\":\"WebPage\",\"@id\":\"https:\/\/www.ttn.ch\/Info\/de\/kontaktieren-sie-uns\/\",\"url\":\"https:\/\/www.ttn.ch\/Info\/de\/kontaktieren-sie-uns\/\",\"name\":\"Kontaktieren Sie uns \ud83e\udd1d -\",\"isPartOf\":{\"@id\":\"https:\/\/www.ttn.ch\/Info\/de\/#website\"},\"datePublished\":\"2026-01-27T06:23:17+00:00\",\"dateModified\":\"2026-01-27T07:45:06+00:00\",\"breadcrumb\":{\"@id\":\"https:\/\/www.ttn.ch\/Info\/de\/kontaktieren-sie-uns\/#breadcrumb\"},\"inLanguage\":\"de\",\"potentialAction\":[{\"@type\":\"ReadAction\",\"target\":[\"https:\/\/www.ttn.ch\/Info\/de\/kontaktieren-sie-uns\/\"]}]},{\"@type\":\"BreadcrumbList\",\"@id\":\"https:\/\/www.ttn.ch\/Info\/de\/kontaktieren-sie-uns\/#breadcrumb\",\"itemListElement\":[{\"@type\":\"ListItem\",\"position\":1,\"name\":\"Home\",\"item\":\"https:\/\/www.ttn.ch\/Info\/de\/\"},{\"@type\":\"ListItem\",\"position\":2,\"name\":\"Kontaktieren Sie uns \ud83e\udd1d\"}]},{\"@type\":\"WebSite\",\"@id\":\"https:\/\/www.ttn.ch\/Info\/de\/#website\",\"url\":\"https:\/\/www.ttn.ch\/Info\/de\/\",\"name\":\"www.ttn.ch\",\"description\":\"\",\"publisher\":{\"@id\":\"https:\/\/www.ttn.ch\/Info\/de\/#organization\"},\"potentialAction\":[{\"@type\":\"SearchAction\",\"target\":{\"@type\":\"EntryPoint\",\"urlTemplate\":\"https:\/\/www.ttn.ch\/Info\/de\/?s={search_term_string}\"},\"query-input\":{\"@type\":\"PropertyValueSpecification\",\"valueRequired\":true,\"valueName\":\"search_term_string\"}}],\"inLanguage\":\"de\"},{\"@type\":\"Organization\",\"@id\":\"https:\/\/www.ttn.ch\/Info\/de\/#organization\",\"name\":\"TTN Translation Network\",\"url\":\"https:\/\/www.ttn.ch\/Info\/de\/\",\"logo\":{\"@type\":\"ImageObject\",\"inLanguage\":\"de\",\"@id\":\"https:\/\/www.ttn.ch\/Info\/de\/#\/schema\/logo\/image\/\",\"url\":\"https:\/\/www.ttn.ch\/Info\/wp-content\/uploads\/2025\/12\/ttn_logo_home-1.png\",\"contentUrl\":\"https:\/\/www.ttn.ch\/Info\/wp-content\/uploads\/2025\/12\/ttn_logo_home-1.png\",\"width\":299,\"height\":105,\"caption\":\"TTN Translation Network\"},\"image\":{\"@id\":\"https:\/\/www.ttn.ch\/Info\/de\/#\/schema\/logo\/image\/\"},\"sameAs\":[\"https:\/\/www.facebook.com\/TTNTranslationNetwork\/\"]}]}<\/script>\r\n<!-- \/ Yoast SEO plugin. -->","yoast_head_json":{"title":"Kontaktieren Sie uns \ud83e\udd1d -","robots":{"index":"index","follow":"follow","max-snippet":"max-snippet:-1","max-image-preview":"max-image-preview:large","max-video-preview":"max-video-preview:-1"},"canonical":"https:\/\/www.ttn.ch\/Info\/de\/kontaktieren-sie-uns\/","og_locale":"de_DE","og_type":"article","og_title":"Kontaktieren Sie uns \ud83e\udd1d -","og_description":"Hallo, bonjour, hola!Egal, welche Sprache Sie sprechen \u2013 wir freuen uns darauf, von Ihnen zu h\u00f6ren. TTN Translation Network ist rund um die Uhr f\u00fcr Sie da, um Ihnen bei allen Ihren \u00dcbersetzungsbed\u00fcrfnissen zu helfen. Z\u00f6gern Sie nicht, uns telefonisch, per E-Mail oder \u00fcber das untenstehende Kontaktformular zu kontaktieren \u2013 unser Team ist immer bereit, ... Weiterlesen","og_url":"https:\/\/www.ttn.ch\/Info\/de\/kontaktieren-sie-uns\/","article_publisher":"https:\/\/www.facebook.com\/TTNTranslationNetwork\/","article_modified_time":"2026-01-27T07:45:06+00:00","twitter_card":"summary_large_image","twitter_misc":{"Gesch\u00e4tzte Lesezeit":"1\u00a0Minute"},"schema":{"@context":"https:\/\/schema.org","@graph":[{"@type":"WebPage","@id":"https:\/\/www.ttn.ch\/Info\/de\/kontaktieren-sie-uns\/","url":"https:\/\/www.ttn.ch\/Info\/de\/kontaktieren-sie-uns\/","name":"Kontaktieren Sie uns \ud83e\udd1d -","isPartOf":{"@id":"https:\/\/www.ttn.ch\/Info\/de\/#website"},"datePublished":"2026-01-27T06:23:17+00:00","dateModified":"2026-01-27T07:45:06+00:00","breadcrumb":{"@id":"https:\/\/www.ttn.ch\/Info\/de\/kontaktieren-sie-uns\/#breadcrumb"},"inLanguage":"de","potentialAction":[{"@type":"ReadAction","target":["https:\/\/www.ttn.ch\/Info\/de\/kontaktieren-sie-uns\/"]}]},{"@type":"BreadcrumbList","@id":"https:\/\/www.ttn.ch\/Info\/de\/kontaktieren-sie-uns\/#breadcrumb","itemListElement":[{"@type":"ListItem","position":1,"name":"Home","item":"https:\/\/www.ttn.ch\/Info\/de\/"},{"@type":"ListItem","position":2,"name":"Kontaktieren Sie uns \ud83e\udd1d"}]},{"@type":"WebSite","@id":"https:\/\/www.ttn.ch\/Info\/de\/#website","url":"https:\/\/www.ttn.ch\/Info\/de\/","name":"www.ttn.ch","description":"","publisher":{"@id":"https:\/\/www.ttn.ch\/Info\/de\/#organization"},"potentialAction":[{"@type":"SearchAction","target":{"@type":"EntryPoint","urlTemplate":"https:\/\/www.ttn.ch\/Info\/de\/?s={search_term_string}"},"query-input":{"@type":"PropertyValueSpecification","valueRequired":true,"valueName":"search_term_string"}}],"inLanguage":"de"},{"@type":"Organization","@id":"https:\/\/www.ttn.ch\/Info\/de\/#organization","name":"TTN Translation Network","url":"https:\/\/www.ttn.ch\/Info\/de\/","logo":{"@type":"ImageObject","inLanguage":"de","@id":"https:\/\/www.ttn.ch\/Info\/de\/#\/schema\/logo\/image\/","url":"https:\/\/www.ttn.ch\/Info\/wp-content\/uploads\/2025\/12\/ttn_logo_home-1.png","contentUrl":"https:\/\/www.ttn.ch\/Info\/wp-content\/uploads\/2025\/12\/ttn_logo_home-1.png","width":299,"height":105,"caption":"TTN Translation Network"},"image":{"@id":"https:\/\/www.ttn.ch\/Info\/de\/#\/schema\/logo\/image\/"},"sameAs":["https:\/\/www.facebook.com\/TTNTranslationNetwork\/"]}]}},"_links":{"self":[{"href":"https:\/\/www.ttn.ch\/Info\/de\/wp-json\/wp\/v2\/pages\/2231","targetHints":{"allow":["GET"]}}],"collection":[{"href":"https:\/\/www.ttn.ch\/Info\/de\/wp-json\/wp\/v2\/pages"}],"about":[{"href":"https:\/\/www.ttn.ch\/Info\/de\/wp-json\/wp\/v2\/types\/page"}],"author":[{"embeddable":true,"href":"https:\/\/www.ttn.ch\/Info\/de\/wp-json\/wp\/v2\/users\/1"}],"replies":[{"embeddable":true,"href":"https:\/\/www.ttn.ch\/Info\/de\/wp-json\/wp\/v2\/comments?post=2231"}],"version-history":[{"count":2,"href":"https:\/\/www.ttn.ch\/Info\/de\/wp-json\/wp\/v2\/pages\/2231\/revisions"}],"predecessor-version":[{"id":2238,"href":"https:\/\/www.ttn.ch\/Info\/de\/wp-json\/wp\/v2\/pages\/2231\/revisions\/2238"}],"wp:attachment":[{"href":"https:\/\/www.ttn.ch\/Info\/de\/wp-json\/wp\/v2\/media?parent=2231"}],"curies":[{"name":"wp","href":"https:\/\/api.w.org\/{rel}","templated":true}]}}