{"id":1860,"date":"2026-01-13T08:47:19","date_gmt":"2026-01-13T08:47:19","guid":{"rendered":"https:\/\/www.ttn.ch\/Info\/faq-about-logging\/"},"modified":"2026-01-27T09:39:43","modified_gmt":"2026-01-27T09:39:43","slug":"faq-zum-logging","status":"publish","type":"page","link":"https:\/\/www.ttn.ch\/Info\/de\/ttn-tms-documentation\/faq-zum-logging\/","title":{"rendered":"FAQ zum Logging"},"content":{"rendered":"\n<p class=\"tms-title_H2\" id=\"Was-wird-protokolliert\"><strong>Was wird protokolliert<\/strong><\/p>\n\n\n\n<p class=\"tms-normal\">TTN TMS zeichnet alle Serverzugriffsdetails mit Hilfe der integrierten Windows Server- und IIS-Protokollierung auf. Jede Anfrage an das System wird mit ihrem Zeitstempel, der IP-Adresse des Absenders und der Benutzerkennung protokolliert. Die Protokolle erfassen auch die spezifische Ressource oder URL, auf die zugegriffen wurde, einschliesslich der Abfrageparameter, um den Kontext f\u00fcr jede Aktion zu liefern. Diese umfassenden Webserver-Protokolle werden f\u00fcr Audit- und Sicherheits\u00fcberpr\u00fcfungen aufbewahrt, um sicherzustellen, dass jeder Zugriff auf das System bei Bedarf zu einem bestimmten Benutzer und Standort zur\u00fcckverfolgt werden kann. Erfolglose Zugriffsversuche (z. B. fehlgeschlagene Anmeldungen) werden ebenfalls f\u00fcr weitere Untersuchungen protokolliert.<\/p>\n\n\n\n<figure class=\"wp-block-image size-full tms-image\"><img loading=\"lazy\" decoding=\"async\" width=\"599\" height=\"180\" src=\"https:\/\/www.ttn.ch\/Info\/wp-content\/uploads\/2026\/01\/TTN-logging-system.png\" alt=\"\" class=\"wp-image-872\" srcset=\"https:\/\/www.ttn.ch\/Info\/wp-content\/uploads\/2026\/01\/TTN-logging-system.png 599w, https:\/\/www.ttn.ch\/Info\/wp-content\/uploads\/2026\/01\/TTN-logging-system-300x90.png 300w\" sizes=\"auto, (max-width: 599px) 100vw, 599px\" \/><\/figure>\n\n\n\n<p class=\"tms-figure-caption\"><em>Abbildung 1: TTN-Protokollierungssystem<\/em><\/p>\n\n\n\n<p class=\"tms-title_H2\" id=\"Welche-Firewall--und-Geobeschr\u00e4nkungsmassnahmen-gibt-es?\"><strong>Welche Firewall- und Geobeschr\u00e4nkungsmassnahmen gibt es?<\/strong><\/p>\n\n\n\n<p class=\"tms-normal\">TTN setzt ein fortschrittliches Firewall-System zum Schutz des TMS ein. Der gesamte ein- und ausgehende Netzwerkverkehr durchl\u00e4uft strenge Firewall-Regeln, und die Firewall protokolliert Verbindungsversuche und Verkehrsdetails zur Sicherheits\u00fcberwachung. Geobeschr\u00e4nkende Massnahmen werden eingesetzt, um den Zugang aus bestimmten Regionen oder L\u00e4ndern zu blockieren oder zu begrenzen. So kann das System beispielsweise so konfiguriert werden, dass Verbindungen aus bestimmten L\u00e4ndern oder Staaten, die als besonders risikoreich oder f\u00fcr das Unternehmen nicht relevant gelten, abgelehnt werden. Jeder Verbindungsversuch, der von diesen Geofiltern blockiert wird, wird in den Firewall-Protokollen aufgezeichnet. Diese Massnahmen verringern die Anf\u00e4lligkeit f\u00fcr b\u00f6sartigen Datenverkehr, indem sie die IP-Geolokalisierung analysieren und nur den Zugriff aus zul\u00e4ssigen Regionen zulassen<strong>.<\/strong> Alle Firewall- und Blockierungsereignisse werden protokolliert und k\u00f6nnen von den Administratoren \u00fcberpr\u00fcft werden, um ungew\u00f6hnliche Muster oder wiederholte unbefugte Zugriffsversuche zu erkennen.<\/p>\n\n\n\n<p class=\"tms-title_H2\" id=\"Wie-erkennt-TTN-VPN--oder-Proxy-Verbindungen?\"><strong>Wie erkennt TTN VPN- oder Proxy-Verbindungen?<\/strong><\/p>\n\n\n\n<p class=\"tms-normal\">Die Plattform umfasst Massnahmen zur VPN- und Proxy-Erkennung, um die Sicherheit zu erh\u00f6hen. TTN TMS nutzt IP-Intelligence-Datenbanken wie IP2Location, um festzustellen, ob die IP-Adresse eines Benutzers von einem bekannten VPN-Dienst, Proxy, Tor-Exit-Knoten oder einer anderen anonymisierten Quelle stammt. Wenn eine Verbindung als potenzieller VPN\/Proxy identifiziert wird, kann das System sie entsprechend der Sicherheitsrichtlinien kennzeichnen oder blockieren. Dadurch wird verhindert, dass Nutzer geografische Beschr\u00e4nkungen umgehen oder ihren wahren Standort verbergen k\u00f6nnen. Alle derartigen Ereignisse werden mit Details \u00fcber den erkannten Proxy\/VPN protokolliert. Anhand dieser Protokolle kann das Team \u00fcberpr\u00fcfen und sicherstellen, dass nur legitime, nachvollziehbare Benutzerverbindungen mit dem System interagieren.<\/p>\n\n\n\n<figure class=\"wp-block-image size-full tms-image\"><img loading=\"lazy\" decoding=\"async\" width=\"830\" height=\"264\" src=\"https:\/\/www.ttn.ch\/Info\/wp-content\/uploads\/2026\/01\/TTNs-dedicated-logging-system-allows-monitoring-of-access-to-the-website.png\" alt=\"\" class=\"wp-image-871\" srcset=\"https:\/\/www.ttn.ch\/Info\/wp-content\/uploads\/2026\/01\/TTNs-dedicated-logging-system-allows-monitoring-of-access-to-the-website.png 830w, https:\/\/www.ttn.ch\/Info\/wp-content\/uploads\/2026\/01\/TTNs-dedicated-logging-system-allows-monitoring-of-access-to-the-website-300x95.png 300w, https:\/\/www.ttn.ch\/Info\/wp-content\/uploads\/2026\/01\/TTNs-dedicated-logging-system-allows-monitoring-of-access-to-the-website-768x244.png 768w\" sizes=\"auto, (max-width: 830px) 100vw, 830px\" \/><\/figure>\n\n\n\n<p class=\"tms-figure-caption\"><em>Abbildung 2: TTN-TSM-Protokollierung zur Website-\u00dcberwachung<\/em><\/p>\n\n\n\n<p class=\"tms-title_H2\" id=\"Werden-die-E-Mail--und-DNS-Server-auf-Sicherheit-\u00fcberwacht?\"><strong>Werden die E-Mail- und DNS-Server auf Sicherheit \u00fcberwacht<\/strong>?<\/p>\n\n\n\n<p class=\"tms-normal\">Ja. Die E-Mail- und DNS-Infrastruktur von TTN wird durch automatisierte Protokollierung und Warnmeldungen kontinuierlich \u00fcberwacht. Die E-Mail-Server erfassen automatisch alle ein- und ausgehenden Nachrichten, einschliesslich relevanter Metadaten wie Absender, Empf\u00e4nger, Zeitstempel und IP-Adresse. Ungew\u00f6hnliche Ereignisse \u2013 etwa ein ungew\u00f6hnlich hohes Volumen ausgehender E-Mails oder wiederholte fehlgeschlagene Zustellungsversuche \u2013 l\u00f6sen automatische Warnmeldungen an das IT-Team aus. Dies hilft bei der fr\u00fchzeitigen Erkennung von Spam, Spoofing oder jeglichem Missbrauch des E-Mail-Systems. Ebenso sind die DNS-Server so konfiguriert, dass sie Abfragen und \u00c4nderungen an DNS-Eintr\u00e4gen protokollieren. Jede unerwartete oder unbefugte DNS-\u00c4nderung (z. B. der Versuch, eine Dom\u00e4ne umzuleiten) l\u00f6st einen sofortigen Alarm aus. Diese Kontrollen gew\u00e4hrleisten die Integrit\u00e4t der TTN-Kommunikationskan\u00e4le: Bei unregelm\u00e4ssigen Aktivit\u00e4ten in den Mail- oder DNS-Systemen werden die Administratoren in Echtzeit benachrichtigt, so dass sie sofort eingreifen k\u00f6nnen.<\/p>\n\n\n\n<p class=\"tms-title_H2\" id=\"Welche-internen-Protokollierungsfunktionen-bietet-TTN-TMS?\"><strong>Welche internen Protokollierungsfunktionen bietet TTN TMS?<\/strong><\/p>\n\n\n\n<p class=\"tms-normal\">TTN TMS f\u00fchrt detaillierte interne Protokolle f\u00fcr alle wichtigen Benutzer- und Systemaktivit\u00e4ten, was eine vollst\u00e4ndige R\u00fcckverfolgbarkeit \u00fcber die gesamte Plattform erm\u00f6glicht. Jede Aktion des Benutzers &#8211; z. B. das Anmelden, das Herunterladen einer \u00dcbersetzungsdatei, das Aktualisieren eines Projekts oder das \u00c4ndern einer Einstellung &#8211; wird mit einem Zeitstempel und der Identit\u00e4t des Benutzers aufgezeichnet. Das System erstellt einen Pr\u00fcfpfad f\u00fcr jedes Projekt und jede Transaktion, so dass jeder Schritt verfolgt und \u00fcberpr\u00fcft werden kann. Dazu geh\u00f6rt auch die Protokollierung von Aktionen durch automatisierte Teilsysteme. Interne &#8222;Roboter&#8220;-Prozesse (wie der Emailroboter oder automatisierte Workflow-Agenten) haben beispielsweise ihre eigenen Protokolle \u00fcber die von ihnen durchgef\u00fchrten Aufgaben. Alle diese Protokolle werden zentralisiert oder \u00fcber eindeutige Identifikatoren (z. B. Auftrags- oder Transaktions-IDs) verkn\u00fcpft, was einen Querverweis auf Ereignisse in verschiedenen Modulen erm\u00f6glicht. Dieser umfassende Protokollierungsansatz bedeutet, dass Administratoren eine Abfolge von Ereignissen von Anfang bis Ende nachvollziehen k\u00f6nnen, selbst wenn sie sich \u00fcber mehrere Subsysteme erstreckt. Es verbessert die Nachvollziehbarkeit und hilft bei der Fehlersuche, da es eine klare Aufzeichnung jedes Vorgangs gibt und wer oder was ihn ausgel\u00f6st hat.<\/p>\n\n\n\n<figure class=\"wp-block-image size-full tms-image\"><img loading=\"lazy\" decoding=\"async\" width=\"828\" height=\"221\" src=\"https:\/\/www.ttn.ch\/Info\/wp-content\/uploads\/2026\/01\/URL-with-arguments-order-number-and-order-name-and-user.png\" alt=\"\" class=\"wp-image-870\" srcset=\"https:\/\/www.ttn.ch\/Info\/wp-content\/uploads\/2026\/01\/URL-with-arguments-order-number-and-order-name-and-user.png 828w, https:\/\/www.ttn.ch\/Info\/wp-content\/uploads\/2026\/01\/URL-with-arguments-order-number-and-order-name-and-user-300x80.png 300w, https:\/\/www.ttn.ch\/Info\/wp-content\/uploads\/2026\/01\/URL-with-arguments-order-number-and-order-name-and-user-768x205.png 768w\" sizes=\"auto, (max-width: 828px) 100vw, 828px\" \/><\/figure>\n\n\n\n<p class=\"tms-figure-caption\"><em>Abbildung 3: URL mit Argumenten, Auftragsnummer und Auftragsname sowie Benutzer<\/em><\/p>\n\n\n\n<p class=\"tms-title_H2\" id=\"K\u00f6nnen-die-Administratoren-das-System-in-Echtzeit-\u00fcberwachen?\"><strong>K\u00f6nnen die Administratoren das System in Echtzeit \u00fcberwachen?<\/strong><\/p>\n\n\n\n<p class=\"tms-normal\">Die Administratoren haben Zugang zu Echtzeit-\u00dcberwachungstools f\u00fcr TTN TMS und k\u00f6nnen das System aus der Ferne \u00fcberwachen, auch von mobilen Ger\u00e4ten aus. Die Plattform bietet Live-Dashboards und Statusansichten, die wichtige Metriken und Sicherheitsereignisse anzeigen. Dar\u00fcber hinaus verf\u00fcgt TTN TMS \u00fcber ein proaktives Warnsystem: Wenn bestimmte Bedingungen oder Anomalien auftreten (z. B. ein Serverfehler, eine Sicherheitsmeldung oder eine verpasste Frist), sendet das System automatisch Benachrichtigungen. Diese Warnungen k\u00f6nnen per E-Mail oder per SMS \u00fcbermittelt werden, so dass Bereitschaftsadministratoren sofort benachrichtigt werden k\u00f6nnen. Die webbasierte Verwaltungsoberfl\u00e4che ist mobilfreundlich, so dass sich autorisierte Mitarbeiter sicher von einem Tablet oder Smartphone aus anmelden k\u00f6nnen, um den Systemstatus zu \u00fcberpr\u00fcfen, Protokolle einzusehen und auf Probleme in Echtzeit zu reagieren. Dadurch wird sichergestellt, dass kritische Ereignisse nicht verpasst werden und das Support-Team von \u00fcberall aus schnell reagieren kann.<\/p>\n\n\n\n<figure class=\"wp-block-image size-full tms-image\"><img loading=\"lazy\" decoding=\"async\" width=\"683\" height=\"583\" src=\"https:\/\/www.ttn.ch\/Info\/wp-content\/uploads\/2026\/01\/Monitoring-of-auto-forward-activity.png\" alt=\"\" class=\"wp-image-869\" srcset=\"https:\/\/www.ttn.ch\/Info\/wp-content\/uploads\/2026\/01\/Monitoring-of-auto-forward-activity.png 683w, https:\/\/www.ttn.ch\/Info\/wp-content\/uploads\/2026\/01\/Monitoring-of-auto-forward-activity-300x256.png 300w\" sizes=\"auto, (max-width: 683px) 100vw, 683px\" \/><\/figure>\n\n\n\n<p class=\"tms-figure-caption\"><em>Abbildung 4: \u00dcberwachung der automatischen Weiterleitungsaktivit\u00e4t<\/em><\/p>\n\n\n\n<p class=\"tms-title_H2\" id=\"Wie-werden-Versuche,-das-Passwort-zur\u00fcckzusetzen,-protokolliert?\"><strong>Wie werden Versuche, das Passwort zur\u00fcckzusetzen, protokolliert?<\/strong><\/p>\n\n\n\n<p class=\"tms-normal\">TTN TMS behandelt Passwort-R\u00fccksetzungsversuche mit einem hohen Mass an Sorgfalt, um unbefugten Zugriff zu verhindern. Jede Anfrage zum Zur\u00fccksetzen eines Kennworts wird mit Details wie dem betreffenden Benutzerkonto, dem Zeitpunkt der Anfrage und der Quell-IP-Adresse protokolliert. Das System setzt das Kennwort erst zur\u00fcck, nachdem es die Anfrage verifiziert hat (in der Regel durch Senden eines sicheren R\u00fccksetzungslinks an die registrierte E-Mail-Adresse des Benutzers). Wenn es mehrere oder schnell aufeinanderfolgende R\u00fccksetzungsanfragen f\u00fcr dasselbe Konto gibt oder irgendein Muster, das ungew\u00f6hnlich erscheint, markiert das System es zur manuellen \u00dcberpr\u00fcfung durch einen Administrator. In solchen F\u00e4llen wird das TTN-Personal die Identit\u00e4t des Nutzers manuell \u00fcberpr\u00fcfen (z. B. indem es den Nutzer \u00fcber einen bekannten Kommunikationskanal kontaktiert), bevor es die R\u00fccksetzung des Passworts zul\u00e4sst. Dieser manuelle \u00dcberpr\u00fcfungsschritt in Verbindung mit ausf\u00fchrlichen Protokollaufzeichnungen stellt sicher, dass das Zur\u00fccksetzen von Passw\u00f6rtern rechtm\u00e4ssig ist. Durch diese Protokolle und Kontrollen verhindert TTN TMS, dass b\u00f6swillige Akteure die Funktion zum Zur\u00fccksetzen des Passworts nutzen, um sich unbefugten Zugang zu verschaffen, und sorgt so f\u00fcr Kontosicherheit.<\/p>\n\n\n\n<figure class=\"wp-block-image size-full tms-image\"><img loading=\"lazy\" decoding=\"async\" width=\"828\" height=\"138\" src=\"https:\/\/www.ttn.ch\/Info\/wp-content\/uploads\/2026\/01\/Monitoring-of-password-reset-requests.png\" alt=\"\" class=\"wp-image-868\" srcset=\"https:\/\/www.ttn.ch\/Info\/wp-content\/uploads\/2026\/01\/Monitoring-of-password-reset-requests.png 828w, https:\/\/www.ttn.ch\/Info\/wp-content\/uploads\/2026\/01\/Monitoring-of-password-reset-requests-300x50.png 300w, https:\/\/www.ttn.ch\/Info\/wp-content\/uploads\/2026\/01\/Monitoring-of-password-reset-requests-768x128.png 768w\" sizes=\"auto, (max-width: 828px) 100vw, 828px\" \/><\/figure>\n\n\n\n<p class=\"tms-figure-caption\"><em>Abbildung 5: \u00dcberwachung von Anfragen zum Zur\u00fccksetzen von Passw\u00f6rtern<\/em><\/p>\n","protected":false},"excerpt":{"rendered":"<p>Was wird protokolliert TTN TMS zeichnet alle Serverzugriffsdetails mit Hilfe der integrierten Windows Server- und IIS-Protokollierung auf. Jede Anfrage an das System wird mit ihrem Zeitstempel, der IP-Adresse des Absenders und der Benutzerkennung protokolliert. Die Protokolle erfassen auch die spezifische Ressource oder URL, auf die zugegriffen wurde, einschliesslich der Abfrageparameter, um den Kontext f\u00fcr jede &#8230; <a title=\"FAQ zum Logging\" class=\"read-more\" href=\"https:\/\/www.ttn.ch\/Info\/de\/ttn-tms-documentation\/faq-zum-logging\/\" aria-label=\"Mehr Informationen \u00fcber FAQ zum Logging\">Weiterlesen<\/a><\/p>\n","protected":false},"author":1,"featured_media":0,"parent":2052,"menu_order":0,"comment_status":"closed","ping_status":"closed","template":"","meta":{"footnotes":""},"class_list":["post-1860","page","type-page","status-publish"],"yoast_head":"<!-- This site is optimized with the Yoast SEO plugin v26.8 - https:\/\/yoast.com\/product\/yoast-seo-wordpress\/ -->\r\n<title>FAQ zum Logging -<\/title>\r\n<meta name=\"robots\" content=\"index, follow, max-snippet:-1, max-image-preview:large, max-video-preview:-1\" \/>\r\n<link rel=\"canonical\" href=\"https:\/\/www.ttn.ch\/Info\/de\/ttn-tms-documentation\/faq-zum-logging\/\" \/>\r\n<meta property=\"og:locale\" content=\"de_DE\" \/>\r\n<meta property=\"og:type\" content=\"article\" \/>\r\n<meta property=\"og:title\" content=\"FAQ zum Logging -\" \/>\r\n<meta property=\"og:description\" content=\"Was wird protokolliert TTN TMS zeichnet alle Serverzugriffsdetails mit Hilfe der integrierten Windows Server- und IIS-Protokollierung auf. Jede Anfrage an das System wird mit ihrem Zeitstempel, der IP-Adresse des Absenders und der Benutzerkennung protokolliert. Die Protokolle erfassen auch die spezifische Ressource oder URL, auf die zugegriffen wurde, einschliesslich der Abfrageparameter, um den Kontext f\u00fcr jede ... Weiterlesen\" \/>\r\n<meta property=\"og:url\" content=\"https:\/\/www.ttn.ch\/Info\/de\/ttn-tms-documentation\/faq-zum-logging\/\" \/>\r\n<meta property=\"article:publisher\" content=\"https:\/\/www.facebook.com\/TTNTranslationNetwork\/\" \/>\r\n<meta property=\"article:modified_time\" content=\"2026-01-27T09:39:43+00:00\" \/>\r\n<meta property=\"og:image\" content=\"https:\/\/www.ttn.ch\/Info\/wp-content\/uploads\/2026\/01\/TTN-logging-system.png\" \/>\r\n\t<meta property=\"og:image:width\" content=\"599\" \/>\r\n\t<meta property=\"og:image:height\" content=\"180\" \/>\r\n\t<meta property=\"og:image:type\" content=\"image\/png\" \/>\r\n<meta name=\"twitter:card\" content=\"summary_large_image\" \/>\r\n<meta name=\"twitter:label1\" content=\"Gesch\u00e4tzte Lesezeit\" \/>\n\t<meta name=\"twitter:data1\" content=\"6\u00a0Minuten\" \/>\r\n<script type=\"application\/ld+json\" class=\"yoast-schema-graph\">{\"@context\":\"https:\/\/schema.org\",\"@graph\":[{\"@type\":\"WebPage\",\"@id\":\"https:\/\/www.ttn.ch\/Info\/de\/ttn-tms-documentation\/faq-zum-logging\/\",\"url\":\"https:\/\/www.ttn.ch\/Info\/de\/ttn-tms-documentation\/faq-zum-logging\/\",\"name\":\"FAQ zum Logging -\",\"isPartOf\":{\"@id\":\"https:\/\/www.ttn.ch\/Info\/de\/#website\"},\"primaryImageOfPage\":{\"@id\":\"https:\/\/www.ttn.ch\/Info\/de\/ttn-tms-documentation\/faq-zum-logging\/#primaryimage\"},\"image\":{\"@id\":\"https:\/\/www.ttn.ch\/Info\/de\/ttn-tms-documentation\/faq-zum-logging\/#primaryimage\"},\"thumbnailUrl\":\"https:\/\/www.ttn.ch\/Info\/wp-content\/uploads\/2026\/01\/TTN-logging-system.png\",\"datePublished\":\"2026-01-13T08:47:19+00:00\",\"dateModified\":\"2026-01-27T09:39:43+00:00\",\"breadcrumb\":{\"@id\":\"https:\/\/www.ttn.ch\/Info\/de\/ttn-tms-documentation\/faq-zum-logging\/#breadcrumb\"},\"inLanguage\":\"de\",\"potentialAction\":[{\"@type\":\"ReadAction\",\"target\":[\"https:\/\/www.ttn.ch\/Info\/de\/ttn-tms-documentation\/faq-zum-logging\/\"]}]},{\"@type\":\"ImageObject\",\"inLanguage\":\"de\",\"@id\":\"https:\/\/www.ttn.ch\/Info\/de\/ttn-tms-documentation\/faq-zum-logging\/#primaryimage\",\"url\":\"https:\/\/www.ttn.ch\/Info\/wp-content\/uploads\/2026\/01\/TTN-logging-system.png\",\"contentUrl\":\"https:\/\/www.ttn.ch\/Info\/wp-content\/uploads\/2026\/01\/TTN-logging-system.png\"},{\"@type\":\"BreadcrumbList\",\"@id\":\"https:\/\/www.ttn.ch\/Info\/de\/ttn-tms-documentation\/faq-zum-logging\/#breadcrumb\",\"itemListElement\":[{\"@type\":\"ListItem\",\"position\":1,\"name\":\"Home\",\"item\":\"https:\/\/www.ttn.ch\/Info\/de\/\"},{\"@type\":\"ListItem\",\"position\":2,\"name\":\"TMS-Dokumentation\",\"item\":\"https:\/\/www.ttn.ch\/Info\/de\/ttn-tms-documentation\/\"},{\"@type\":\"ListItem\",\"position\":3,\"name\":\"FAQ zum Logging\"}]},{\"@type\":\"WebSite\",\"@id\":\"https:\/\/www.ttn.ch\/Info\/de\/#website\",\"url\":\"https:\/\/www.ttn.ch\/Info\/de\/\",\"name\":\"www.ttn.ch\",\"description\":\"\",\"publisher\":{\"@id\":\"https:\/\/www.ttn.ch\/Info\/de\/#organization\"},\"potentialAction\":[{\"@type\":\"SearchAction\",\"target\":{\"@type\":\"EntryPoint\",\"urlTemplate\":\"https:\/\/www.ttn.ch\/Info\/de\/?s={search_term_string}\"},\"query-input\":{\"@type\":\"PropertyValueSpecification\",\"valueRequired\":true,\"valueName\":\"search_term_string\"}}],\"inLanguage\":\"de\"},{\"@type\":\"Organization\",\"@id\":\"https:\/\/www.ttn.ch\/Info\/de\/#organization\",\"name\":\"TTN Translation Network\",\"url\":\"https:\/\/www.ttn.ch\/Info\/de\/\",\"logo\":{\"@type\":\"ImageObject\",\"inLanguage\":\"de\",\"@id\":\"https:\/\/www.ttn.ch\/Info\/de\/#\/schema\/logo\/image\/\",\"url\":\"https:\/\/www.ttn.ch\/Info\/wp-content\/uploads\/2025\/12\/ttn_logo_home-1.png\",\"contentUrl\":\"https:\/\/www.ttn.ch\/Info\/wp-content\/uploads\/2025\/12\/ttn_logo_home-1.png\",\"width\":299,\"height\":105,\"caption\":\"TTN Translation Network\"},\"image\":{\"@id\":\"https:\/\/www.ttn.ch\/Info\/de\/#\/schema\/logo\/image\/\"},\"sameAs\":[\"https:\/\/www.facebook.com\/TTNTranslationNetwork\/\"]}]}<\/script>\r\n<!-- \/ Yoast SEO plugin. -->","yoast_head_json":{"title":"FAQ zum Logging -","robots":{"index":"index","follow":"follow","max-snippet":"max-snippet:-1","max-image-preview":"max-image-preview:large","max-video-preview":"max-video-preview:-1"},"canonical":"https:\/\/www.ttn.ch\/Info\/de\/ttn-tms-documentation\/faq-zum-logging\/","og_locale":"de_DE","og_type":"article","og_title":"FAQ zum Logging -","og_description":"Was wird protokolliert TTN TMS zeichnet alle Serverzugriffsdetails mit Hilfe der integrierten Windows Server- und IIS-Protokollierung auf. Jede Anfrage an das System wird mit ihrem Zeitstempel, der IP-Adresse des Absenders und der Benutzerkennung protokolliert. Die Protokolle erfassen auch die spezifische Ressource oder URL, auf die zugegriffen wurde, einschliesslich der Abfrageparameter, um den Kontext f\u00fcr jede ... Weiterlesen","og_url":"https:\/\/www.ttn.ch\/Info\/de\/ttn-tms-documentation\/faq-zum-logging\/","article_publisher":"https:\/\/www.facebook.com\/TTNTranslationNetwork\/","article_modified_time":"2026-01-27T09:39:43+00:00","og_image":[{"width":599,"height":180,"url":"https:\/\/www.ttn.ch\/Info\/wp-content\/uploads\/2026\/01\/TTN-logging-system.png","type":"image\/png"}],"twitter_card":"summary_large_image","twitter_misc":{"Gesch\u00e4tzte Lesezeit":"6\u00a0Minuten"},"schema":{"@context":"https:\/\/schema.org","@graph":[{"@type":"WebPage","@id":"https:\/\/www.ttn.ch\/Info\/de\/ttn-tms-documentation\/faq-zum-logging\/","url":"https:\/\/www.ttn.ch\/Info\/de\/ttn-tms-documentation\/faq-zum-logging\/","name":"FAQ zum Logging -","isPartOf":{"@id":"https:\/\/www.ttn.ch\/Info\/de\/#website"},"primaryImageOfPage":{"@id":"https:\/\/www.ttn.ch\/Info\/de\/ttn-tms-documentation\/faq-zum-logging\/#primaryimage"},"image":{"@id":"https:\/\/www.ttn.ch\/Info\/de\/ttn-tms-documentation\/faq-zum-logging\/#primaryimage"},"thumbnailUrl":"https:\/\/www.ttn.ch\/Info\/wp-content\/uploads\/2026\/01\/TTN-logging-system.png","datePublished":"2026-01-13T08:47:19+00:00","dateModified":"2026-01-27T09:39:43+00:00","breadcrumb":{"@id":"https:\/\/www.ttn.ch\/Info\/de\/ttn-tms-documentation\/faq-zum-logging\/#breadcrumb"},"inLanguage":"de","potentialAction":[{"@type":"ReadAction","target":["https:\/\/www.ttn.ch\/Info\/de\/ttn-tms-documentation\/faq-zum-logging\/"]}]},{"@type":"ImageObject","inLanguage":"de","@id":"https:\/\/www.ttn.ch\/Info\/de\/ttn-tms-documentation\/faq-zum-logging\/#primaryimage","url":"https:\/\/www.ttn.ch\/Info\/wp-content\/uploads\/2026\/01\/TTN-logging-system.png","contentUrl":"https:\/\/www.ttn.ch\/Info\/wp-content\/uploads\/2026\/01\/TTN-logging-system.png"},{"@type":"BreadcrumbList","@id":"https:\/\/www.ttn.ch\/Info\/de\/ttn-tms-documentation\/faq-zum-logging\/#breadcrumb","itemListElement":[{"@type":"ListItem","position":1,"name":"Home","item":"https:\/\/www.ttn.ch\/Info\/de\/"},{"@type":"ListItem","position":2,"name":"TMS-Dokumentation","item":"https:\/\/www.ttn.ch\/Info\/de\/ttn-tms-documentation\/"},{"@type":"ListItem","position":3,"name":"FAQ zum Logging"}]},{"@type":"WebSite","@id":"https:\/\/www.ttn.ch\/Info\/de\/#website","url":"https:\/\/www.ttn.ch\/Info\/de\/","name":"www.ttn.ch","description":"","publisher":{"@id":"https:\/\/www.ttn.ch\/Info\/de\/#organization"},"potentialAction":[{"@type":"SearchAction","target":{"@type":"EntryPoint","urlTemplate":"https:\/\/www.ttn.ch\/Info\/de\/?s={search_term_string}"},"query-input":{"@type":"PropertyValueSpecification","valueRequired":true,"valueName":"search_term_string"}}],"inLanguage":"de"},{"@type":"Organization","@id":"https:\/\/www.ttn.ch\/Info\/de\/#organization","name":"TTN Translation Network","url":"https:\/\/www.ttn.ch\/Info\/de\/","logo":{"@type":"ImageObject","inLanguage":"de","@id":"https:\/\/www.ttn.ch\/Info\/de\/#\/schema\/logo\/image\/","url":"https:\/\/www.ttn.ch\/Info\/wp-content\/uploads\/2025\/12\/ttn_logo_home-1.png","contentUrl":"https:\/\/www.ttn.ch\/Info\/wp-content\/uploads\/2025\/12\/ttn_logo_home-1.png","width":299,"height":105,"caption":"TTN Translation Network"},"image":{"@id":"https:\/\/www.ttn.ch\/Info\/de\/#\/schema\/logo\/image\/"},"sameAs":["https:\/\/www.facebook.com\/TTNTranslationNetwork\/"]}]}},"_links":{"self":[{"href":"https:\/\/www.ttn.ch\/Info\/de\/wp-json\/wp\/v2\/pages\/1860","targetHints":{"allow":["GET"]}}],"collection":[{"href":"https:\/\/www.ttn.ch\/Info\/de\/wp-json\/wp\/v2\/pages"}],"about":[{"href":"https:\/\/www.ttn.ch\/Info\/de\/wp-json\/wp\/v2\/types\/page"}],"author":[{"embeddable":true,"href":"https:\/\/www.ttn.ch\/Info\/de\/wp-json\/wp\/v2\/users\/1"}],"replies":[{"embeddable":true,"href":"https:\/\/www.ttn.ch\/Info\/de\/wp-json\/wp\/v2\/comments?post=1860"}],"version-history":[{"count":2,"href":"https:\/\/www.ttn.ch\/Info\/de\/wp-json\/wp\/v2\/pages\/1860\/revisions"}],"predecessor-version":[{"id":1869,"href":"https:\/\/www.ttn.ch\/Info\/de\/wp-json\/wp\/v2\/pages\/1860\/revisions\/1869"}],"up":[{"embeddable":true,"href":"https:\/\/www.ttn.ch\/Info\/de\/wp-json\/wp\/v2\/pages\/2052"}],"wp:attachment":[{"href":"https:\/\/www.ttn.ch\/Info\/de\/wp-json\/wp\/v2\/media?parent=1860"}],"curies":[{"name":"wp","href":"https:\/\/api.w.org\/{rel}","templated":true}]}}