{"id":1483,"date":"2025-12-26T23:45:49","date_gmt":"2025-12-26T23:45:49","guid":{"rendered":"https:\/\/www.ttn.ch\/Info\/overview-of-the-ttn-tms\/"},"modified":"2026-01-27T09:39:43","modified_gmt":"2026-01-27T09:39:43","slug":"overview-of-the-ttn-tms","status":"publish","type":"page","link":"https:\/\/www.ttn.ch\/Info\/de\/ttn-tms-documentation\/overview-of-the-ttn-tms\/","title":{"rendered":"\u00dcberblick \u00fcber das TTN Translation Management System"},"content":{"rendered":"\n<p class=\"tms-title_H2\" id=\"Historischer-Hintergrund-und-fr\u00fche-Innovationen\"><strong>Historischer Hintergrund und fr\u00fche Innovationen<\/strong><\/p>\n\n\n\n<p class=\"tms-normal\">1988 brachte TTN den wahrscheinlich ersten \u00dcbersetzungsserver der Welt auf den Markt. Es wurde in Assembler und C geschrieben und lief \u00fcber ein 1200-Baud-Hayes-Modem auf einem Rechner mit nur 640 KB Speicher. In den fr\u00fchen 1990er Jahren wurde diese Innovation mit mehreren renommierten Softwarepreisen ausgezeichnet. Einer der ersten Kunden, der das System einsetzte, war das Institut f\u00fcr Schnee- und Lawinenforschung SLF in Davos. Das System kann \u00dcbersetzungsauftr\u00e4ge zu jeder Tageszeit vollautomatisch weiterleiten und ist daher besonders wertvoll f\u00fcr Kunden mit hohen Anforderungen an schnelle Turnaround-Zeiten.<\/p>\n\n\n\n<p class=\"tms-title_H2\" id=\"Entwicklung-zu-einem-KI-gesteuerten-TMS\"><strong>Entwicklung zu einem KI-gesteuerten TMS<\/strong><\/p>\n\n\n\n<p class=\"tms-normal\">In den vergangenen vier Jahrzehnten hat TTN diese Technologie kontinuierlich zu einem leistungsstarken und umfassenden Translation Management System (TMS) weiterentwickelt. Das Alleinstellungsmerkmal des Systems ist sein vollautomatischer, KI-gesteuerter Betrieb, der viele Projektmanagementaufgaben effizienter erledigt als ein menschlicher Manager. Das TTN TMS bietet zahlreiche Funktionen, die derzeit in keinem anderen System verf\u00fcgbar sind.<\/p>\n\n\n\n<p class=\"tms-title_H2\" id=\"On-Premises-Architektur-f\u00fcr-h\u00f6chste-Sicherheitsanforderungen\"><strong>On-Premises-Architektur f\u00fcr h\u00f6chste Sicherheitsanforderungen<\/strong><\/p>\n\n\n\n<div>\n<p class=\"tms-normal\">Die aktuelle Version des TTN TMS-Systems wird on Premise in einem Hochsicherheitsrechenzentrum in Genf eingesetzt. Es kann auch als Hybridsystem betrieben werden, das teilweise auf Microsoft Azure Cloud Services gehostet wird. Diese Konfiguration wurde gew\u00e4hlt, da zahlreiche Auftraggeber aus dem Bereich der Medizin und b\u00f6rsenkotierter Unternehmen verlangen, dass ihre Daten nicht in einer von den USA kontrollierten Cloud-Infrastruktur gespeichert werden.<\/p>\n<\/div>\n\n\n\n<p class=\"tms-title_H2\" id=\"Unternehmensstruktur-und-KI-Kompetenz\"><strong>Unternehmensstruktur und KI-Kompetenz<\/strong><\/p>\n\n\n\n<p class=\"tms-normal\">Die TTN TMS-Software wurde von der Firma Extran AG in Genf entwickelt. Seit 2006 besitzt Extran auch eine auf KI spezialisierte Tochtergesellschaft, Keybot GmbH, die ein propriet\u00e4res System zur Umwandlung mehrsprachiger Websites in Translation Memories entwickelt hat.<\/p>\n\n\n\n<p class=\"tms-title_H2\" id=\"Merkmale-und-Systemf\u00e4higkeiten\"><strong>Merkmale und Systemf\u00e4higkeiten<\/strong><\/p>\n\n\n\n<p class=\"tms-normal\">Das KI-gest\u00fctzte TSM von TTN verwendet einen CATT-Container-Ansatz, um mehrere \u00dcbersetzungstools von Drittanbietern zu integrieren, anstatt sich auf ein einziges propriet\u00e4res System zu verlassen. Es integriert nahtlos RWS GroupShare &#8211; eines der leistungsst\u00e4rksten Translation Memory (TM)-Systeme &#8211; und unterst\u00fctzt sowohl einen Online-Editor als auch Trados Studio. Diese L\u00f6sung stellt eine stabile Performance bei \u00dcbersetzungsspeichern mit Millionen von Segmenten sicher, wo andere Systeme h\u00e4ufig an Performance-Grenzen stossen.<\/p>\n\n\n\n<p class=\"tms-title_H2\" id=\"Workflow-Automatisierung-und-Effizienz\"><strong>Workflow-Automatisierung und Effizienz<\/strong><\/p>\n\n\n\n<p class=\"tms-normal\">Das System ist so konzipiert, dass die Erstellung einer \u00dcbersetzung von Anfang bis Ende nur neun Klicks erfordert. Das Verfahren wurde so konzipiert, dass es \u00e4usserst effizient und benutzerfreundlich ist:<\/p>\n\n\n\n<ul class=\"wp-block-list\">\n<li>3 Klicks des Kunden zur Erstellung und \u00dcbermittlung der Bestellung.<\/li>\n\n\n\n<li>3 Klicks des \u00dcbersetzers, um die Datei anzunehmen, zu \u00fcbersetzen und zu liefern.<\/li>\n\n\n\n<li>3 Klicks des Korrekturlesers zur \u00dcberpr\u00fcfung und Fertigstellung der \u00dcbersetzung.<\/li>\n<\/ul>\n\n\n\n<p class=\"tms-normal\">Dieser straffe Arbeitsablauf minimiert den Verwaltungsaufwand und sorgt daf\u00fcr, dass Projekte von der Anfrage bis zur Lieferung in k\u00fcrzester Zeit reibungslos ablaufen und nur selten ein direktes Eingreifen des \u00dcbersetzungsmanagers erforderlich ist.<\/p>\n\n\n\n<p class=\"tms-normal\">Tritt ein Problem oder eine aussergew\u00f6hnliche Aufgabe auf, benachrichtigt das System den \u00dcbersetzungsmanager unverz\u00fcglich per WhatsApp, SMS oder E-Mail. Die meisten F\u00e4lle k\u00f6nnen zeitnah und effizient bearbeitet werden \u2013 auch \u00fcber mobile Endger\u00e4te \u2013, wodurch ein unterbrechungsfreier Betrieb und ein kontinuierlicher Projektablauf sichergestellt werden.<\/p>\n\n\n\n<p class=\"tms-normal\">Ungef\u00e4hr 98 % der Routineaufgaben k\u00f6nnen \u00fcber einige einfache Webformulare abgewickelt werden. Das TMS von TTN bietet jedoch auch \u00fcber 600 spezielle Formulare f\u00fcr die Verwaltung komplexer F\u00e4lle oder besonderer Anforderungen. Die Nutzung dieser erweiterten Formulare ist erfahrenen Benutzern vorbehalten und erfordert eine entsprechende Schulung.<\/p>\n\n\n\n<p class=\"tms-title_H2\" id=\"Sprachunterst\u00fctzung-und-Benutzeroberfl\u00e4che\"><strong>Sprachunterst\u00fctzung und Benutzeroberfl\u00e4che<\/strong><\/p>\n\n\n\n<p class=\"tms-normal\">Das TTN-System unterst\u00fctzt \u00dcbersetzungen in \u00fcber 150 Sprachen. Die kundenorientierte Benutzeroberfl\u00e4che ist in 63 Sprachen verf\u00fcgbar und gew\u00e4hrleistet damit eine weltweite Zug\u00e4nglichkeit f\u00fcr Kunden.<\/p>\n\n\n\n<p class=\"tms-title_H2\" id=\"Integration-mit-GroupShare-und-AI-Tools\"><strong>Integration mit GroupShare und AI-Tools<\/strong><\/p>\n\n\n\n<p class=\"tms-normal\">TTN hat im Rahmen seiner KI-Initiativen eine eigene \u00dcbersetzungssuchmaschine namens Keybot entwickelt. Das unternehmenseigene KI-Team (Keybot GmbH) hat dar\u00fcber hinaus eine propriet\u00e4re API f\u00fcr SDL Trados entwickelt, die auf konversationeller KI basiert und die Qualit\u00e4t sowie Konsistenz von \u00dcbersetzungen signifikant verbessert.<\/p>\n\n\n\n<p><\/p>\n","protected":false},"excerpt":{"rendered":"<p>Historischer Hintergrund und fr\u00fche Innovationen 1988 brachte TTN den wahrscheinlich ersten \u00dcbersetzungsserver der Welt auf den Markt. Es wurde in Assembler und C geschrieben und lief \u00fcber ein 1200-Baud-Hayes-Modem auf einem Rechner mit nur 640 KB Speicher. In den fr\u00fchen 1990er Jahren wurde diese Innovation mit mehreren renommierten Softwarepreisen ausgezeichnet. Einer der ersten Kunden, der &#8230; <a title=\"\u00dcberblick \u00fcber das TTN Translation Management System\" class=\"read-more\" href=\"https:\/\/www.ttn.ch\/Info\/de\/ttn-tms-documentation\/overview-of-the-ttn-tms\/\" aria-label=\"Mehr Informationen \u00fcber \u00dcberblick \u00fcber das TTN Translation Management System\">Weiterlesen<\/a><\/p>\n","protected":false},"author":1,"featured_media":0,"parent":2052,"menu_order":0,"comment_status":"closed","ping_status":"closed","template":"","meta":{"footnotes":""},"class_list":["post-1483","page","type-page","status-publish"],"yoast_head":"<!-- This site is optimized with the Yoast SEO plugin v26.8 - https:\/\/yoast.com\/product\/yoast-seo-wordpress\/ -->\r\n<title>\u00dcberblick \u00fcber das TTN Translation Management System -<\/title>\r\n<meta name=\"robots\" content=\"index, follow, max-snippet:-1, max-image-preview:large, max-video-preview:-1\" \/>\r\n<link rel=\"canonical\" href=\"https:\/\/www.ttn.ch\/Info\/de\/ttn-tms-documentation\/overview-of-the-ttn-tms\/\" \/>\r\n<meta property=\"og:locale\" content=\"de_DE\" \/>\r\n<meta property=\"og:type\" content=\"article\" \/>\r\n<meta property=\"og:title\" content=\"\u00dcberblick \u00fcber das TTN Translation Management System -\" \/>\r\n<meta property=\"og:description\" content=\"Historischer Hintergrund und fr\u00fche Innovationen 1988 brachte TTN den wahrscheinlich ersten \u00dcbersetzungsserver der Welt auf den Markt. Es wurde in Assembler und C geschrieben und lief \u00fcber ein 1200-Baud-Hayes-Modem auf einem Rechner mit nur 640 KB Speicher. In den fr\u00fchen 1990er Jahren wurde diese Innovation mit mehreren renommierten Softwarepreisen ausgezeichnet. Einer der ersten Kunden, der ... Weiterlesen\" \/>\r\n<meta property=\"og:url\" content=\"https:\/\/www.ttn.ch\/Info\/de\/ttn-tms-documentation\/overview-of-the-ttn-tms\/\" \/>\r\n<meta property=\"article:publisher\" content=\"https:\/\/www.facebook.com\/TTNTranslationNetwork\/\" \/>\r\n<meta property=\"article:modified_time\" content=\"2026-01-27T09:39:43+00:00\" \/>\r\n<meta name=\"twitter:card\" content=\"summary_large_image\" \/>\r\n<meta name=\"twitter:label1\" content=\"Gesch\u00e4tzte Lesezeit\" \/>\n\t<meta name=\"twitter:data1\" content=\"3\u00a0Minuten\" \/>\r\n<script type=\"application\/ld+json\" class=\"yoast-schema-graph\">{\"@context\":\"https:\/\/schema.org\",\"@graph\":[{\"@type\":\"WebPage\",\"@id\":\"https:\/\/www.ttn.ch\/Info\/de\/ttn-tms-documentation\/overview-of-the-ttn-tms\/\",\"url\":\"https:\/\/www.ttn.ch\/Info\/de\/ttn-tms-documentation\/overview-of-the-ttn-tms\/\",\"name\":\"\u00dcberblick \u00fcber das TTN Translation Management System -\",\"isPartOf\":{\"@id\":\"https:\/\/www.ttn.ch\/Info\/de\/#website\"},\"datePublished\":\"2025-12-26T23:45:49+00:00\",\"dateModified\":\"2026-01-27T09:39:43+00:00\",\"breadcrumb\":{\"@id\":\"https:\/\/www.ttn.ch\/Info\/de\/ttn-tms-documentation\/overview-of-the-ttn-tms\/#breadcrumb\"},\"inLanguage\":\"de\",\"potentialAction\":[{\"@type\":\"ReadAction\",\"target\":[\"https:\/\/www.ttn.ch\/Info\/de\/ttn-tms-documentation\/overview-of-the-ttn-tms\/\"]}]},{\"@type\":\"BreadcrumbList\",\"@id\":\"https:\/\/www.ttn.ch\/Info\/de\/ttn-tms-documentation\/overview-of-the-ttn-tms\/#breadcrumb\",\"itemListElement\":[{\"@type\":\"ListItem\",\"position\":1,\"name\":\"Home\",\"item\":\"https:\/\/www.ttn.ch\/Info\/de\/\"},{\"@type\":\"ListItem\",\"position\":2,\"name\":\"TMS-Dokumentation\",\"item\":\"https:\/\/www.ttn.ch\/Info\/de\/ttn-tms-documentation\/\"},{\"@type\":\"ListItem\",\"position\":3,\"name\":\"\u00dcberblick \u00fcber das TTN Translation Management System\"}]},{\"@type\":\"WebSite\",\"@id\":\"https:\/\/www.ttn.ch\/Info\/de\/#website\",\"url\":\"https:\/\/www.ttn.ch\/Info\/de\/\",\"name\":\"www.ttn.ch\",\"description\":\"\",\"publisher\":{\"@id\":\"https:\/\/www.ttn.ch\/Info\/de\/#organization\"},\"potentialAction\":[{\"@type\":\"SearchAction\",\"target\":{\"@type\":\"EntryPoint\",\"urlTemplate\":\"https:\/\/www.ttn.ch\/Info\/de\/?s={search_term_string}\"},\"query-input\":{\"@type\":\"PropertyValueSpecification\",\"valueRequired\":true,\"valueName\":\"search_term_string\"}}],\"inLanguage\":\"de\"},{\"@type\":\"Organization\",\"@id\":\"https:\/\/www.ttn.ch\/Info\/de\/#organization\",\"name\":\"TTN Translation Network\",\"url\":\"https:\/\/www.ttn.ch\/Info\/de\/\",\"logo\":{\"@type\":\"ImageObject\",\"inLanguage\":\"de\",\"@id\":\"https:\/\/www.ttn.ch\/Info\/de\/#\/schema\/logo\/image\/\",\"url\":\"https:\/\/www.ttn.ch\/Info\/wp-content\/uploads\/2025\/12\/ttn_logo_home-1.png\",\"contentUrl\":\"https:\/\/www.ttn.ch\/Info\/wp-content\/uploads\/2025\/12\/ttn_logo_home-1.png\",\"width\":299,\"height\":105,\"caption\":\"TTN Translation Network\"},\"image\":{\"@id\":\"https:\/\/www.ttn.ch\/Info\/de\/#\/schema\/logo\/image\/\"},\"sameAs\":[\"https:\/\/www.facebook.com\/TTNTranslationNetwork\/\"]}]}<\/script>\r\n<!-- \/ Yoast SEO plugin. -->","yoast_head_json":{"title":"\u00dcberblick \u00fcber das TTN Translation Management System -","robots":{"index":"index","follow":"follow","max-snippet":"max-snippet:-1","max-image-preview":"max-image-preview:large","max-video-preview":"max-video-preview:-1"},"canonical":"https:\/\/www.ttn.ch\/Info\/de\/ttn-tms-documentation\/overview-of-the-ttn-tms\/","og_locale":"de_DE","og_type":"article","og_title":"\u00dcberblick \u00fcber das TTN Translation Management System -","og_description":"Historischer Hintergrund und fr\u00fche Innovationen 1988 brachte TTN den wahrscheinlich ersten \u00dcbersetzungsserver der Welt auf den Markt. Es wurde in Assembler und C geschrieben und lief \u00fcber ein 1200-Baud-Hayes-Modem auf einem Rechner mit nur 640 KB Speicher. In den fr\u00fchen 1990er Jahren wurde diese Innovation mit mehreren renommierten Softwarepreisen ausgezeichnet. Einer der ersten Kunden, der ... Weiterlesen","og_url":"https:\/\/www.ttn.ch\/Info\/de\/ttn-tms-documentation\/overview-of-the-ttn-tms\/","article_publisher":"https:\/\/www.facebook.com\/TTNTranslationNetwork\/","article_modified_time":"2026-01-27T09:39:43+00:00","twitter_card":"summary_large_image","twitter_misc":{"Gesch\u00e4tzte Lesezeit":"3\u00a0Minuten"},"schema":{"@context":"https:\/\/schema.org","@graph":[{"@type":"WebPage","@id":"https:\/\/www.ttn.ch\/Info\/de\/ttn-tms-documentation\/overview-of-the-ttn-tms\/","url":"https:\/\/www.ttn.ch\/Info\/de\/ttn-tms-documentation\/overview-of-the-ttn-tms\/","name":"\u00dcberblick \u00fcber das TTN Translation Management System -","isPartOf":{"@id":"https:\/\/www.ttn.ch\/Info\/de\/#website"},"datePublished":"2025-12-26T23:45:49+00:00","dateModified":"2026-01-27T09:39:43+00:00","breadcrumb":{"@id":"https:\/\/www.ttn.ch\/Info\/de\/ttn-tms-documentation\/overview-of-the-ttn-tms\/#breadcrumb"},"inLanguage":"de","potentialAction":[{"@type":"ReadAction","target":["https:\/\/www.ttn.ch\/Info\/de\/ttn-tms-documentation\/overview-of-the-ttn-tms\/"]}]},{"@type":"BreadcrumbList","@id":"https:\/\/www.ttn.ch\/Info\/de\/ttn-tms-documentation\/overview-of-the-ttn-tms\/#breadcrumb","itemListElement":[{"@type":"ListItem","position":1,"name":"Home","item":"https:\/\/www.ttn.ch\/Info\/de\/"},{"@type":"ListItem","position":2,"name":"TMS-Dokumentation","item":"https:\/\/www.ttn.ch\/Info\/de\/ttn-tms-documentation\/"},{"@type":"ListItem","position":3,"name":"\u00dcberblick \u00fcber das TTN Translation Management System"}]},{"@type":"WebSite","@id":"https:\/\/www.ttn.ch\/Info\/de\/#website","url":"https:\/\/www.ttn.ch\/Info\/de\/","name":"www.ttn.ch","description":"","publisher":{"@id":"https:\/\/www.ttn.ch\/Info\/de\/#organization"},"potentialAction":[{"@type":"SearchAction","target":{"@type":"EntryPoint","urlTemplate":"https:\/\/www.ttn.ch\/Info\/de\/?s={search_term_string}"},"query-input":{"@type":"PropertyValueSpecification","valueRequired":true,"valueName":"search_term_string"}}],"inLanguage":"de"},{"@type":"Organization","@id":"https:\/\/www.ttn.ch\/Info\/de\/#organization","name":"TTN Translation Network","url":"https:\/\/www.ttn.ch\/Info\/de\/","logo":{"@type":"ImageObject","inLanguage":"de","@id":"https:\/\/www.ttn.ch\/Info\/de\/#\/schema\/logo\/image\/","url":"https:\/\/www.ttn.ch\/Info\/wp-content\/uploads\/2025\/12\/ttn_logo_home-1.png","contentUrl":"https:\/\/www.ttn.ch\/Info\/wp-content\/uploads\/2025\/12\/ttn_logo_home-1.png","width":299,"height":105,"caption":"TTN Translation Network"},"image":{"@id":"https:\/\/www.ttn.ch\/Info\/de\/#\/schema\/logo\/image\/"},"sameAs":["https:\/\/www.facebook.com\/TTNTranslationNetwork\/"]}]}},"_links":{"self":[{"href":"https:\/\/www.ttn.ch\/Info\/de\/wp-json\/wp\/v2\/pages\/1483","targetHints":{"allow":["GET"]}}],"collection":[{"href":"https:\/\/www.ttn.ch\/Info\/de\/wp-json\/wp\/v2\/pages"}],"about":[{"href":"https:\/\/www.ttn.ch\/Info\/de\/wp-json\/wp\/v2\/types\/page"}],"author":[{"embeddable":true,"href":"https:\/\/www.ttn.ch\/Info\/de\/wp-json\/wp\/v2\/users\/1"}],"replies":[{"embeddable":true,"href":"https:\/\/www.ttn.ch\/Info\/de\/wp-json\/wp\/v2\/comments?post=1483"}],"version-history":[{"count":3,"href":"https:\/\/www.ttn.ch\/Info\/de\/wp-json\/wp\/v2\/pages\/1483\/revisions"}],"predecessor-version":[{"id":1488,"href":"https:\/\/www.ttn.ch\/Info\/de\/wp-json\/wp\/v2\/pages\/1483\/revisions\/1488"}],"up":[{"embeddable":true,"href":"https:\/\/www.ttn.ch\/Info\/de\/wp-json\/wp\/v2\/pages\/2052"}],"wp:attachment":[{"href":"https:\/\/www.ttn.ch\/Info\/de\/wp-json\/wp\/v2\/media?parent=1483"}],"curies":[{"name":"wp","href":"https:\/\/api.w.org\/{rel}","templated":true}]}}