{"id":1371,"date":"2026-01-14T17:46:22","date_gmt":"2026-01-14T17:46:22","guid":{"rendered":"https:\/\/www.ttn.ch\/Info\/?page_id=1371"},"modified":"2026-01-24T15:11:28","modified_gmt":"2026-01-24T15:11:28","slug":"ueber-ttn","status":"publish","type":"page","link":"https:\/\/www.ttn.ch\/Info\/de\/ueber-ttn\/","title":{"rendered":"\u00dcber TTN"},"content":{"rendered":"\n<p class=\"tms-title_H2 has-medium-font-size\" id=\"Schweizer-Tradition-&amp;-Fachkompetenz\"><strong>Schweizer Tradition &amp; Fachkompetenz<\/strong><\/p>\n\n\n\n<p class=\"tms-normal\">TTN (Translation Network) ist ein in der Schweiz ans\u00e4ssiges \u00dcbersetzungsunternehmen mit einem stolzen Erbe, das bis ins Jahr 1988 zur\u00fcckreicht. Gegr\u00fcndet und mit Hauptsitz in der Schweiz hat TTN die mehrsprachige Kultur und Pr\u00e4zision des Landes genutzt, um zu einem weltweit vertrauensw\u00fcrdigen Anbieter von Sprachdienstleistungen zu werden. TTN war ein Pionier der \u00dcbersetzungstechnologie \u2013 bereits in den sp\u00e4ten 1980er-Jahren haben wir einen der weltweit ersten vollautomatisierten \u00dcbersetzungsserver eingef\u00fchrt. In den vergangenen Jahrzehnten haben wir unser Fachwissen und unsere Innovationskraft kontinuierlich ausgebaut und unsere Prozesse sowie Werkzeuge laufend verfeinert. Heute verbindet TTN langj\u00e4hrige menschliche linguistische Expertise mit modernster Technologie und liefert hochwertige \u00dcbersetzungen f\u00fcr Kunden weltweit, wobei wir die Schweizer Werte Zuverl\u00e4ssigkeit und Exzellenz hochhalten.<\/p>\n\n\n\n<p class=\"tms-title_H2\" id=\"Innovative-Technologieplattform\"><strong>Innovative Technologieplattform<\/strong><\/p>\n\n\n\n<p class=\"tms-normal\">Technologie und Innovation stehen bei TTN im Mittelpunkt. Wir haben unser eigenes, firmeneigenes Translation Management System (TTN TMS) entwickelt \u2013 eine KI-gest\u00fctzte Plattform, die den gesamten \u00dcbersetzungsworkflow vom Anfrageeingang bis zur Lieferung optimiert. Diese Plattform automatisiert viele Aufgaben des Projektmanagements effizienter, als es ein Mensch allein k\u00f6nnte, wodurch wir Projekte schneller und konsistenter abwickeln k\u00f6nnen. Unsere Kunden k\u00f6nnen Dokumente hochladen und erhalten sofort ein Angebot mit mehreren Fristoptionen; sobald eine Frist ausgew\u00e4hlt wird, weist unser TTN-Agent den Auftrag automatisch den am besten geeigneten Linguisten zu und \u00fcberwacht alle Produktions- und Qualit\u00e4tsschritte. Das Ergebnis ist ein End-to-End-Prozess, der vom Anfang bis zum Ende mit nur neun Klicks auskommt und den administrativen Aufwand sowie die Durchlaufzeit drastisch reduziert.<\/p>\n\n\n\n<p class=\"tms-normal\">Unsere innovative Plattform integriert <strong>Keybot<\/strong>, die firmeneigene \u00dcbersetzungssuchmaschine und KI-Technologie von TTN. Keybot ist ein einzigartiges System, das mehrsprachige Webinhalte in \u00dcbersetzungsspeicher \u00fcberf\u00fchrt. TTN ist die einzige \u00dcbersetzungsagentur weltweit, die eine eigene \u00dcbersetzungssuchmaschine betreibt, um vorhandene \u00dcbersetzungen optimal zu nutzen.<\/p>\n\n\n\n<p class=\"tms-normal\">Keybot durchsucht die Websites Ihres Unternehmens (und sogar die Ihrer Zulieferer), um aus Ihrem bereits \u00fcbersetzten Content benutzerdefinierte zweisprachige Glossare und Translation Memories aufzubauen. Dadurch k\u00f6nnen unsere \u00dcbersetzer und KI-Tools sofort Ihre bevorzugte Terminologie und Formulierungen wiederverwenden, was eine beispiellose Konsistenz in all Ihren Materialien gew\u00e4hrleistet.<\/p>\n\n\n\n<p class=\"tms-normal\">Im Gegensatz zu generischen maschinellen \u00dcbersetzungsdiensten, die auf Einheitsmodellen basieren, setzt TTN massgeschneiderte KI-\u00dcbersetzungs-Engines ein, die auf die Inhalte und den Wortschatz jedes Kunden abgestimmt sind. Diese KI-\u00dcbersetzungen werden stets von qualifizierten menschlichen \u00dcbersetzern nachbearbeitet, wodurch Geschwindigkeit mit Qualit\u00e4t kombiniert wird. Unsere Plattform integriert branchenf\u00fchrende Tools (wie <em>RWS Trados GroupShare<\/em>) und eine Online-Bearbeitungsumgebung, wodurch umfangreiche Projekte und komplexe Dateiformate nahtlos gehandhabt werden k\u00f6nnen, ohne dass die Leistung beeintr\u00e4chtigt wird. Kurz gesagt, die Technologie von TTN bietet Ihnen das Beste aus beiden Welten \u2013 die Effizienz der KI-gest\u00fctzten Automatisierung und die Sicherheit durch die Aufsicht von erfahrenen Experten.<\/p>\n\n\n\n<p class=\"tms-title_H2\" id=\"Zertifizierte-Qualit\u00e4t-&amp;-Sicherheit\"><strong>Zertifizierte Qualit\u00e4t &amp; Sicherheit<\/strong><\/p>\n\n\n\n<p class=\"tms-normal\">Qualit\u00e4t und Sicherheit haben bei TTN oberste Priorit\u00e4t und sind nicht verhandelbar. Wir sind vollst\u00e4ndig nach<strong> ISO 17100, ISO 9001 und ISO\/IEC 27001<\/strong> zertifiziert. Dies unterstreicht unser Engagement f\u00fcr branchenf\u00fchrende Standards in \u00dcbersetzungsqualit\u00e4t, Qualit\u00e4tsmanagement und Informationssicherheit.<\/p>\n\n\n\n<p class=\"tms-normal\">Die ISO-17100-Zertifizierung bedeutet, dass unser \u00dcbersetzungsprozess die strengen Anforderungen an personelle Qualifikationen und Pr\u00fcfverfahren in der \u00dcbersetzungsbranche erf\u00fcllt. Jedes Projekt wird von qualifizierten Linguisten bearbeitet und durchl\u00e4uft strenge Revisionsschritte. ISO 9001 best\u00e4tigt, dass unser Unternehmen robusten Qualit\u00e4tsmanagement-Praktiken folgt. Dadurch stellen wir Konsistenz und eine kontinuierliche Verbesserung in all unseren Abl\u00e4ufen sicher. Dar\u00fcber hinaus zeigt unsere ISO\/IEC-27001-Zertifizierung, dass wir die h\u00f6chsten Standards der Datensicherheit und Vertraulichkeit einhalten und Ihre sensiblen Informationen in allen Phasen sch\u00fctzen.<\/p>\n\n\n\n<p class=\"tms-normal\">Wir unterhalten eine sichere, hochmoderne Infrastruktur, um Kundendaten zu sch\u00fctzen und Zuverl\u00e4ssigkeit zu gew\u00e4hrleisten. Das TTN-System wird in einem sicheren Rechenzentrum in der Schweiz gehostet, mit vollst\u00e4ndiger Redundanz und 24\/7-Verf\u00fcgbarkeitsma\u00dfnahmen. Unsere Architektur bietet Echtzeit-Spiegelung, mehrstufige Backups und proaktives Monitoring, um Ausfallzeiten oder Datenverlust vorzubeugen.<\/p>\n\n\n\n<p class=\"tms-normal\">F\u00fcr Kunden mit besonderen Anforderungen kann unsere Plattform sogar in hybriden oder lokalen Konfigurationen bereitgestellt werden. Beispielsweise bieten wir, falls Daten nicht in US-kontrollierten Clouds gespeichert werden d\u00fcrfen, Hosting-Optionen an, die vollst\u00e4ndig innerhalb der Schweiz oder der Infrastruktur des Kunden liegen. Unabh\u00e4ngig von der gew\u00e4hlten Konfiguration stellt TTN sicher, dass Ihre Projekte in einer hochsicheren Umgebung bearbeitet werden.<\/p>\n\n\n\n<p class=\"tms-normal\">Alle \u00dcbersetzer und Mitarbeiter unterliegen strikten Vertraulichkeitsvereinbarungen. Zudem verf\u00fcgt unser System \u00fcber granulare Zugriffskontrollen, sodass Ihre Terminologiedatenbanken und Translation Memories ausschliesslich Ihrer Organisation vorbehalten bleiben. Mit TTN k\u00f6nnen Sie darauf vertrauen, dass Qualit\u00e4t fest in unseren Prozess verankert ist und dass Ihre Daten von Anfang bis Ende in sicheren H\u00e4nden sind.<\/p>\n\n\n\n<p class=\"tms-title_H2\" id=\"Warum-TTN?\"><strong>Warum TTN?<\/strong><\/p>\n\n\n\n<p class=\"tms-normal\">Wenn Sie mit TTN zusammenarbeiten, profitieren Sie von einer Reihe von Vorteilen, die uns in der Branche auszeichnen:<\/p>\n\n\n\n<ul class=\"wp-block-list\">\n<li class=\"tms-list\"><strong>Geschwindigkeit und Effizienz:<\/strong> Dank unserer KI-gest\u00fctzten Workflows und Automatisierung verk\u00fcrzen wir die Durchlaufzeiten drastisch, ohne die Qualit\u00e4t zu beeintr\u00e4chtigen. Unser intelligenter TTN-Agent kann rund um die Uhr Auftr\u00e4ge abwickeln, Projekte sofort starten und Ressourcen zuteilen, sodass keine Zeit verloren geht. Kunden erhalten f\u00fcr jedes Projekt sogar mehrere Liefergeschwindigkeitsoptionen und k\u00f6nnen den Zeitrahmen w\u00e4hlen, der am besten zu ihren Bed\u00fcrfnissen passt.<\/li>\n\n\n\n<li><strong>Gleichbleibende Qualit\u00e4t:<\/strong> Der Einsatz fortschrittlicher Translation-Memory- und Terminologie-Tools durch TTN stellt sicher, dass Sie in all Ihren Dokumenten eine einheitliche Terminologie und Tonalit\u00e4t erhalten. Jede \u00dcbersetzung, die Sie uns anvertrauen, bereichert ein zentrales Translation Memory, das Ihrer Organisation gewidmet ist, sodass zuvor freigegebene Formulierungen in neuen Projekten automatisch wiederverwendet werden. Dies f\u00fchrt zu gr\u00f6sserer Konsistenz und Genauigkeit \u2013 insbesondere bei Fachbegriffen oder markenspezifischer Sprache \u2013 und spart Zeit bei zuk\u00fcnftigen \u00dcbersetzungen.<\/li>\n\n\n\n<li><strong>Menschliche Expertise mit KI-Integration:<\/strong> Alle \u00dcbersetzungen bei TTN werden von hochqualifizierten menschlichen \u00dcbersetzern durchgef\u00fchrt \u2013 wir verf\u00fcgen \u00fcber ein offenes Netzwerk gepr\u00fcfter Linguisten, von denen viele \u00fcber spezialisiertes Fachwissen und eine akademische Ausbildung verf\u00fcgen. Jedem Kunden wird ein dedizierter \u00dcbersetzungsmanager zugewiesen, der die Arbeit \u00fcberwacht. Wir erweitern unsere menschliche Expertise dort mit KI, wo sie einen Mehrwert bietet: von intelligentem Projektmanagement bis hin zu kundenspezifischen maschinellen \u00dcbersetzungsvorschl\u00e4gen, die unsere \u00dcbersetzer sorgf\u00e4ltig optimieren. Diese Synergie aus Mensch und KI stellt sicher, dass Sie linguistisch einwandfreie \u00dcbersetzungen erhalten, die schneller geliefert werden als mit herk\u00f6mmlichen Methoden.<\/li>\n\n\n\n<li><strong>Zuverl\u00e4ssigkeit und Flexibilit\u00e4t:<\/strong> Mit \u00fcber drei Jahrzehnten Erfahrung hat TTN seine Zuverl\u00e4ssigkeit immer wieder unter Beweis gestellt. Unsere Systeme und Prozesse sind auf Robustheit ausgelegt \u2013 von hochverf\u00fcgbaren Servern bis hin zu Mechanismen, die Projekte selbst bei knappen Terminvorgaben auf Kurs halten. Wir k\u00f6nnen Projekte jeder Gr\u00f6sse und Komplexit\u00e4t bew\u00e4ltigen und unterst\u00fctzen Hunderte von Sprachen sowie eine breite Palette von Dateiformaten. Dar\u00fcber hinaus ist unsere Infrastruktur flexibel: Wir k\u00f6nnen uns in Ihre Content-Plattformen integrieren oder sogar dedizierte Instanzen unseres TMS f\u00fcr grosse Unternehmenskunden einrichten, um eine nahtlose Abstimmung mit Ihren Workflows und Compliance-Anforderungen zu gew\u00e4hrleisten.<\/li>\n\n\n\n<li><strong>Sicherheit und Vertraulichkeit:<\/strong> In Branchen wie Recht, Finanzen, Medizin oder Verteidigung verstehen wir, dass Vertraulichkeit oberste Priorit\u00e4t hat. TTNs ISO-27001-zertifizierte Verfahren stellen sicher, dass Ihre Dokumente und Daten sicher bleiben. Wir nutzen verschl\u00fcsselte Verbindungen, sichere virtuelle Desktop-Umgebungen f\u00fcr \u00dcbersetzer und strenge Zugriffskontrollen, um jegliche unbefugte Datenweitergabe zu verhindern. Sie k\u00f6nnen uns vertrauliche Unterlagen bedenkenlos anvertrauen, in dem Wissen, dass wir Ihre Informationen mit gr\u00f6sster Sorgfalt behandeln.<\/li>\n<\/ul>\n\n\n\n<p class=\"tms-normal\">Zusammenfassend bietet TTN eine einzigartige Mischung aus Tradition und Innovation. Wir sind ein in der Schweiz gegr\u00fcndetes Unternehmen mit einer langen Geschichte der Exzellenz, gest\u00fctzt auf firmeneigene Technologien, die uns an der Spitze der \u00dcbersetzungsbranche halten. Unser Engagement f\u00fcr Sicherheit, Zuverl\u00e4ssigkeit, Schnelligkeit, Qualit\u00e4t und KI-gest\u00fctzte L\u00f6sungen bietet unseren Kunden greifbare Vorteile \u2013 von schnelleren Durchlaufzeiten und einheitlicher Terminologie bis hin zu einem reibungsloseren, transparenteren \u00dcbersetzungsprozess.<\/p>\n\n\n\n<p class=\"tms-normal\"><strong>Mit TTN erhalten Sie erstklassige \u00dcbersetzungsdienstleistungen, die sicher, intelligent und auf Ihre Bed\u00fcrfnisse zugeschnitten sind.<\/strong><\/p>\n","protected":false},"excerpt":{"rendered":"<p>Schweizer Tradition &amp; Fachkompetenz TTN (Translation Network) ist ein in der Schweiz ans\u00e4ssiges \u00dcbersetzungsunternehmen mit einem stolzen Erbe, das bis ins Jahr 1988 zur\u00fcckreicht. Gegr\u00fcndet und mit Hauptsitz in der Schweiz hat TTN die mehrsprachige Kultur und Pr\u00e4zision des Landes genutzt, um zu einem weltweit vertrauensw\u00fcrdigen Anbieter von Sprachdienstleistungen zu werden. TTN war ein Pionier &#8230; <a title=\"\u00dcber TTN\" class=\"read-more\" href=\"https:\/\/www.ttn.ch\/Info\/de\/ueber-ttn\/\" aria-label=\"Mehr Informationen \u00fcber \u00dcber TTN\">Weiterlesen<\/a><\/p>\n","protected":false},"author":1,"featured_media":0,"parent":0,"menu_order":0,"comment_status":"closed","ping_status":"closed","template":"","meta":{"footnotes":""},"class_list":["post-1371","page","type-page","status-publish"],"yoast_head":"<!-- This site is optimized with the Yoast SEO plugin v26.8 - https:\/\/yoast.com\/product\/yoast-seo-wordpress\/ -->\r\n<title>\u00dcber TTN -<\/title>\r\n<meta name=\"robots\" content=\"index, follow, max-snippet:-1, max-image-preview:large, max-video-preview:-1\" \/>\r\n<link rel=\"canonical\" href=\"https:\/\/www.ttn.ch\/Info\/de\/ueber-ttn\/\" \/>\r\n<meta property=\"og:locale\" content=\"de_DE\" \/>\r\n<meta property=\"og:type\" content=\"article\" \/>\r\n<meta property=\"og:title\" content=\"\u00dcber TTN -\" \/>\r\n<meta property=\"og:description\" content=\"Schweizer Tradition &amp; Fachkompetenz TTN (Translation Network) ist ein in der Schweiz ans\u00e4ssiges \u00dcbersetzungsunternehmen mit einem stolzen Erbe, das bis ins Jahr 1988 zur\u00fcckreicht. Gegr\u00fcndet und mit Hauptsitz in der Schweiz hat TTN die mehrsprachige Kultur und Pr\u00e4zision des Landes genutzt, um zu einem weltweit vertrauensw\u00fcrdigen Anbieter von Sprachdienstleistungen zu werden. TTN war ein Pionier ... Weiterlesen\" \/>\r\n<meta property=\"og:url\" content=\"https:\/\/www.ttn.ch\/Info\/de\/ueber-ttn\/\" \/>\r\n<meta property=\"article:publisher\" content=\"https:\/\/www.facebook.com\/TTNTranslationNetwork\/\" \/>\r\n<meta property=\"article:modified_time\" content=\"2026-01-24T15:11:28+00:00\" \/>\r\n<meta name=\"twitter:card\" content=\"summary_large_image\" \/>\r\n<meta name=\"twitter:label1\" content=\"Gesch\u00e4tzte Lesezeit\" \/>\n\t<meta name=\"twitter:data1\" content=\"6\u00a0Minuten\" \/>\r\n<script type=\"application\/ld+json\" class=\"yoast-schema-graph\">{\"@context\":\"https:\/\/schema.org\",\"@graph\":[{\"@type\":\"WebPage\",\"@id\":\"https:\/\/www.ttn.ch\/Info\/de\/ueber-ttn\/\",\"url\":\"https:\/\/www.ttn.ch\/Info\/de\/ueber-ttn\/\",\"name\":\"\u00dcber TTN -\",\"isPartOf\":{\"@id\":\"https:\/\/www.ttn.ch\/Info\/de\/#website\"},\"datePublished\":\"2026-01-14T17:46:22+00:00\",\"dateModified\":\"2026-01-24T15:11:28+00:00\",\"breadcrumb\":{\"@id\":\"https:\/\/www.ttn.ch\/Info\/de\/ueber-ttn\/#breadcrumb\"},\"inLanguage\":\"de\",\"potentialAction\":[{\"@type\":\"ReadAction\",\"target\":[\"https:\/\/www.ttn.ch\/Info\/de\/ueber-ttn\/\"]}]},{\"@type\":\"BreadcrumbList\",\"@id\":\"https:\/\/www.ttn.ch\/Info\/de\/ueber-ttn\/#breadcrumb\",\"itemListElement\":[{\"@type\":\"ListItem\",\"position\":1,\"name\":\"Home\",\"item\":\"https:\/\/www.ttn.ch\/Info\/de\/\"},{\"@type\":\"ListItem\",\"position\":2,\"name\":\"\u00dcber TTN\"}]},{\"@type\":\"WebSite\",\"@id\":\"https:\/\/www.ttn.ch\/Info\/de\/#website\",\"url\":\"https:\/\/www.ttn.ch\/Info\/de\/\",\"name\":\"www.ttn.ch\",\"description\":\"\",\"publisher\":{\"@id\":\"https:\/\/www.ttn.ch\/Info\/de\/#organization\"},\"potentialAction\":[{\"@type\":\"SearchAction\",\"target\":{\"@type\":\"EntryPoint\",\"urlTemplate\":\"https:\/\/www.ttn.ch\/Info\/de\/?s={search_term_string}\"},\"query-input\":{\"@type\":\"PropertyValueSpecification\",\"valueRequired\":true,\"valueName\":\"search_term_string\"}}],\"inLanguage\":\"de\"},{\"@type\":\"Organization\",\"@id\":\"https:\/\/www.ttn.ch\/Info\/de\/#organization\",\"name\":\"TTN Translation Network\",\"url\":\"https:\/\/www.ttn.ch\/Info\/de\/\",\"logo\":{\"@type\":\"ImageObject\",\"inLanguage\":\"de\",\"@id\":\"https:\/\/www.ttn.ch\/Info\/de\/#\/schema\/logo\/image\/\",\"url\":\"https:\/\/www.ttn.ch\/Info\/wp-content\/uploads\/2025\/12\/ttn_logo_home-1.png\",\"contentUrl\":\"https:\/\/www.ttn.ch\/Info\/wp-content\/uploads\/2025\/12\/ttn_logo_home-1.png\",\"width\":299,\"height\":105,\"caption\":\"TTN Translation Network\"},\"image\":{\"@id\":\"https:\/\/www.ttn.ch\/Info\/de\/#\/schema\/logo\/image\/\"},\"sameAs\":[\"https:\/\/www.facebook.com\/TTNTranslationNetwork\/\"]}]}<\/script>\r\n<!-- \/ Yoast SEO plugin. -->","yoast_head_json":{"title":"\u00dcber TTN -","robots":{"index":"index","follow":"follow","max-snippet":"max-snippet:-1","max-image-preview":"max-image-preview:large","max-video-preview":"max-video-preview:-1"},"canonical":"https:\/\/www.ttn.ch\/Info\/de\/ueber-ttn\/","og_locale":"de_DE","og_type":"article","og_title":"\u00dcber TTN -","og_description":"Schweizer Tradition &amp; Fachkompetenz TTN (Translation Network) ist ein in der Schweiz ans\u00e4ssiges \u00dcbersetzungsunternehmen mit einem stolzen Erbe, das bis ins Jahr 1988 zur\u00fcckreicht. Gegr\u00fcndet und mit Hauptsitz in der Schweiz hat TTN die mehrsprachige Kultur und Pr\u00e4zision des Landes genutzt, um zu einem weltweit vertrauensw\u00fcrdigen Anbieter von Sprachdienstleistungen zu werden. TTN war ein Pionier ... Weiterlesen","og_url":"https:\/\/www.ttn.ch\/Info\/de\/ueber-ttn\/","article_publisher":"https:\/\/www.facebook.com\/TTNTranslationNetwork\/","article_modified_time":"2026-01-24T15:11:28+00:00","twitter_card":"summary_large_image","twitter_misc":{"Gesch\u00e4tzte Lesezeit":"6\u00a0Minuten"},"schema":{"@context":"https:\/\/schema.org","@graph":[{"@type":"WebPage","@id":"https:\/\/www.ttn.ch\/Info\/de\/ueber-ttn\/","url":"https:\/\/www.ttn.ch\/Info\/de\/ueber-ttn\/","name":"\u00dcber TTN -","isPartOf":{"@id":"https:\/\/www.ttn.ch\/Info\/de\/#website"},"datePublished":"2026-01-14T17:46:22+00:00","dateModified":"2026-01-24T15:11:28+00:00","breadcrumb":{"@id":"https:\/\/www.ttn.ch\/Info\/de\/ueber-ttn\/#breadcrumb"},"inLanguage":"de","potentialAction":[{"@type":"ReadAction","target":["https:\/\/www.ttn.ch\/Info\/de\/ueber-ttn\/"]}]},{"@type":"BreadcrumbList","@id":"https:\/\/www.ttn.ch\/Info\/de\/ueber-ttn\/#breadcrumb","itemListElement":[{"@type":"ListItem","position":1,"name":"Home","item":"https:\/\/www.ttn.ch\/Info\/de\/"},{"@type":"ListItem","position":2,"name":"\u00dcber TTN"}]},{"@type":"WebSite","@id":"https:\/\/www.ttn.ch\/Info\/de\/#website","url":"https:\/\/www.ttn.ch\/Info\/de\/","name":"www.ttn.ch","description":"","publisher":{"@id":"https:\/\/www.ttn.ch\/Info\/de\/#organization"},"potentialAction":[{"@type":"SearchAction","target":{"@type":"EntryPoint","urlTemplate":"https:\/\/www.ttn.ch\/Info\/de\/?s={search_term_string}"},"query-input":{"@type":"PropertyValueSpecification","valueRequired":true,"valueName":"search_term_string"}}],"inLanguage":"de"},{"@type":"Organization","@id":"https:\/\/www.ttn.ch\/Info\/de\/#organization","name":"TTN Translation Network","url":"https:\/\/www.ttn.ch\/Info\/de\/","logo":{"@type":"ImageObject","inLanguage":"de","@id":"https:\/\/www.ttn.ch\/Info\/de\/#\/schema\/logo\/image\/","url":"https:\/\/www.ttn.ch\/Info\/wp-content\/uploads\/2025\/12\/ttn_logo_home-1.png","contentUrl":"https:\/\/www.ttn.ch\/Info\/wp-content\/uploads\/2025\/12\/ttn_logo_home-1.png","width":299,"height":105,"caption":"TTN Translation Network"},"image":{"@id":"https:\/\/www.ttn.ch\/Info\/de\/#\/schema\/logo\/image\/"},"sameAs":["https:\/\/www.facebook.com\/TTNTranslationNetwork\/"]}]}},"_links":{"self":[{"href":"https:\/\/www.ttn.ch\/Info\/de\/wp-json\/wp\/v2\/pages\/1371","targetHints":{"allow":["GET"]}}],"collection":[{"href":"https:\/\/www.ttn.ch\/Info\/de\/wp-json\/wp\/v2\/pages"}],"about":[{"href":"https:\/\/www.ttn.ch\/Info\/de\/wp-json\/wp\/v2\/types\/page"}],"author":[{"embeddable":true,"href":"https:\/\/www.ttn.ch\/Info\/de\/wp-json\/wp\/v2\/users\/1"}],"replies":[{"embeddable":true,"href":"https:\/\/www.ttn.ch\/Info\/de\/wp-json\/wp\/v2\/comments?post=1371"}],"version-history":[{"count":2,"href":"https:\/\/www.ttn.ch\/Info\/de\/wp-json\/wp\/v2\/pages\/1371\/revisions"}],"predecessor-version":[{"id":1432,"href":"https:\/\/www.ttn.ch\/Info\/de\/wp-json\/wp\/v2\/pages\/1371\/revisions\/1432"}],"wp:attachment":[{"href":"https:\/\/www.ttn.ch\/Info\/de\/wp-json\/wp\/v2\/media?parent=1371"}],"curies":[{"name":"wp","href":"https:\/\/api.w.org\/{rel}","templated":true}]}}